{"id":191,"date":"2026-02-07T03:26:52","date_gmt":"2026-02-07T03:26:52","guid":{"rendered":"https:\/\/sugarlips.click\/?page_id=191"},"modified":"2026-02-24T04:10:34","modified_gmt":"2026-02-24T04:10:34","slug":"ve-chung-toi","status":"publish","type":"page","link":"https:\/\/sugarlips.click\/index.php\/ve-chung-toi\/","title":{"rendered":"V\u1ec1 ch\u00fang t\u00f4i"},"content":{"rendered":"\n<h2 class=\"wp-block-heading\">Sugar Lips \u2013 C\u00e2u chuy\u1ec7n th\u01b0\u01a1ng hi\u1ec7u son m\u00f4i ng\u1ecdt ng\u00e0o d\u00e0nh cho \u0111\u00f4i m\u00f4i Vi\u1ec7t<\/h2>\n\n\n\n<h3 class=\"wp-block-heading\">Gi\u1edbi thi\u1ec7u v\u1ec1 th\u01b0\u01a1ng hi\u1ec7u Sugar Lips<\/h3>\n\n\n\n<p><strong>Sugar Lips<\/strong> ra \u0111\u1eddi t\u1eeb mong mu\u1ed1n mang \u0111\u1ebfn nh\u1eefng s\u1ea3n ph\u1ea9m ch\u0103m s\u00f3c v\u00e0 trang \u0111i\u1ec3m m\u00f4i <strong>an to\u00e0n \u2013 d\u1ec5 d\u00f9ng \u2013 ph\u00f9 h\u1ee3p v\u1edbi l\u00e0n m\u00f4i ng\u01b0\u1eddi Vi\u1ec7t<\/strong>. Th\u01b0\u01a1ng hi\u1ec7u tin r\u1eb1ng, \u0111\u00f4i m\u00f4i kh\u00f4ng ch\u1ec9 l\u00e0 \u0111i\u1ec3m nh\u1ea5n c\u1ee7a g\u01b0\u01a1ng m\u1eb7t m\u00e0 c\u00f2n l\u00e0 n\u01a1i th\u1ec3 hi\u1ec7n s\u1ef1 t\u1ef1 tin, n\u1eef t\u00ednh v\u00e0 phong c\u00e1ch ri\u00eang c\u1ee7a m\u1ed7i ng\u01b0\u1eddi.<\/p>\n\n\n\n<p>L\u1ea5y c\u1ea3m h\u1ee9ng t\u1eeb s\u1ef1 <strong>ng\u1ecdt ng\u00e0o nh\u01b0 \u0111\u01b0\u1eddng (Sugar)<\/strong> k\u1ebft h\u1ee3p c\u00f9ng v\u1ebb <strong>quy\u1ebfn r\u0169 t\u1ef1 nhi\u00ean c\u1ee7a \u0111\u00f4i m\u00f4i (Lips)<\/strong>, Sugar Lips theo \u0111u\u1ed5i h\u00ecnh \u1ea3nh tr\u1ebb trung, hi\u1ec7n \u0111\u1ea1i nh\u01b0ng v\u1eabn g\u1ea7n g\u0169i, d\u1ec5 ti\u1ebfp c\u1eadn. M\u1ed7i s\u1ea3n ph\u1ea9m \u0111\u1ec1u \u0111\u01b0\u1ee3c nghi\u00ean c\u1ee9u k\u1ef9 l\u01b0\u1ee1ng v\u1ec1 ch\u1ea5t l\u01b0\u1ee3ng, m\u00e0u s\u1eafc v\u00e0 tr\u1ea3i nghi\u1ec7m s\u1eed d\u1ee5ng.<\/p>\n\n\n\n<figure class=\"wp-block-image size-large\"><img loading=\"lazy\" decoding=\"async\" width=\"1024\" height=\"591\" src=\"https:\/\/sugarlips.click\/wp-content\/uploads\/2026\/01\/image-15-1024x591.png\" alt=\"\" class=\"wp-image-97\" srcset=\"https:\/\/sugarlips.click\/wp-content\/uploads\/2026\/01\/image-15-1024x591.png 1024w, https:\/\/sugarlips.click\/wp-content\/uploads\/2026\/01\/image-15-300x173.png 300w, https:\/\/sugarlips.click\/wp-content\/uploads\/2026\/01\/image-15-768x444.png 768w, https:\/\/sugarlips.click\/wp-content\/uploads\/2026\/01\/image-15-1536x887.png 1536w, https:\/\/sugarlips.click\/wp-content\/uploads\/2026\/01\/image-15-600x347.png 600w, https:\/\/sugarlips.click\/wp-content\/uploads\/2026\/01\/image-15.png 1662w\" sizes=\"auto, (max-width: 1024px) 100vw, 1024px\" \/><\/figure>\n\n\n\n<h2 class=\"wp-block-heading\">H\u00ecnh \u1ea3nh s\u1ea3n ph\u1ea9m Sugar Lips<\/h2>\n\n\n\n<p>S\u1ea3n ph\u1ea9m c\u1ee7a Sugar Lips g\u00e2y \u1ea5n t\u01b0\u1ee3ng v\u1edbi:<\/p>\n\n\n\n<ul class=\"wp-block-list\">\n<li><strong>Thi\u1ebft k\u1ebf bao b\u00ec xinh x\u1eafn, tinh t\u1ebf<\/strong>, d\u1ec5 nh\u1eadn di\u1ec7n<\/li>\n\n\n\n<li>Phong c\u00e1ch <strong>tr\u1ebb trung \u2013 n\u1eef t\u00ednh \u2013 hi\u1ec7n \u0111\u1ea1i<\/strong>, ph\u00f9 h\u1ee3p h\u1ecdc sinh, sinh vi\u00ean v\u00e0 ng\u01b0\u1eddi \u0111i l\u00e0m<\/li>\n\n\n\n<li>K\u00edch th\u01b0\u1edbc nh\u1ecf g\u1ecdn, ti\u1ec7n mang theo b\u00ean m\u00ecnh<\/li>\n<\/ul>\n\n\n\n<p>T\u1eeb son d\u01b0\u1ee1ng, son b\u00f3ng \u0111\u1ebfn son l\u00ec, Sugar Lips lu\u00f4n ch\u00fa tr\u1ecdng c\u1ea3 <strong>th\u1ea9m m\u1ef9 b\u00ean ngo\u00e0i l\u1eabn ch\u1ea5t l\u01b0\u1ee3ng b\u00ean trong<\/strong>.<\/p>\n\n\n\n<figure class=\"wp-block-image aligncenter size-full is-resized\"><img loading=\"lazy\" decoding=\"async\" width=\"1024\" height=\"1024\" src=\"https:\/\/sugarlips.click\/wp-content\/uploads\/2026\/02\/z7292509712681_11664deae8686da98be7c81a511b9433.jpg\" alt=\"\" class=\"wp-image-166\" style=\"width:190px;height:auto\" srcset=\"https:\/\/sugarlips.click\/wp-content\/uploads\/2026\/02\/z7292509712681_11664deae8686da98be7c81a511b9433.jpg 1024w, https:\/\/sugarlips.click\/wp-content\/uploads\/2026\/02\/z7292509712681_11664deae8686da98be7c81a511b9433-300x300.jpg 300w, https:\/\/sugarlips.click\/wp-content\/uploads\/2026\/02\/z7292509712681_11664deae8686da98be7c81a511b9433-150x150.jpg 150w, https:\/\/sugarlips.click\/wp-content\/uploads\/2026\/02\/z7292509712681_11664deae8686da98be7c81a511b9433-768x768.jpg 768w, https:\/\/sugarlips.click\/wp-content\/uploads\/2026\/02\/z7292509712681_11664deae8686da98be7c81a511b9433-600x600.jpg 600w, https:\/\/sugarlips.click\/wp-content\/uploads\/2026\/02\/z7292509712681_11664deae8686da98be7c81a511b9433-100x100.jpg 100w\" sizes=\"auto, (max-width: 1024px) 100vw, 1024px\" \/><\/figure>\n\n\n\n<hr class=\"wp-block-separator has-alpha-channel-opacity\"\/>\n\n\n\n<figure class=\"wp-block-image alignleft size-full is-resized\"><img loading=\"lazy\" decoding=\"async\" width=\"1024\" height=\"1024\" src=\"https:\/\/sugarlips.click\/wp-content\/uploads\/2026\/01\/image-30.png\" alt=\"\" class=\"wp-image-137\" style=\"width:195px;height:auto\" srcset=\"https:\/\/sugarlips.click\/wp-content\/uploads\/2026\/01\/image-30.png 1024w, https:\/\/sugarlips.click\/wp-content\/uploads\/2026\/01\/image-30-300x300.png 300w, https:\/\/sugarlips.click\/wp-content\/uploads\/2026\/01\/image-30-150x150.png 150w, https:\/\/sugarlips.click\/wp-content\/uploads\/2026\/01\/image-30-768x768.png 768w, https:\/\/sugarlips.click\/wp-content\/uploads\/2026\/01\/image-30-600x600.png 600w, https:\/\/sugarlips.click\/wp-content\/uploads\/2026\/01\/image-30-100x100.png 100w\" sizes=\"auto, (max-width: 1024px) 100vw, 1024px\" \/><\/figure>\n\n\n\n<figure class=\"wp-block-image alignright size-full is-resized\"><img loading=\"lazy\" decoding=\"async\" width=\"1024\" height=\"1024\" src=\"https:\/\/sugarlips.click\/wp-content\/uploads\/2026\/01\/image-32.png\" alt=\"\" class=\"wp-image-139\" style=\"width:199px;height:auto\" srcset=\"https:\/\/sugarlips.click\/wp-content\/uploads\/2026\/01\/image-32.png 1024w, https:\/\/sugarlips.click\/wp-content\/uploads\/2026\/01\/image-32-300x300.png 300w, https:\/\/sugarlips.click\/wp-content\/uploads\/2026\/01\/image-32-150x150.png 150w, https:\/\/sugarlips.click\/wp-content\/uploads\/2026\/01\/image-32-768x768.png 768w, https:\/\/sugarlips.click\/wp-content\/uploads\/2026\/01\/image-32-600x600.png 600w, https:\/\/sugarlips.click\/wp-content\/uploads\/2026\/01\/image-32-100x100.png 100w\" sizes=\"auto, (max-width: 1024px) 100vw, 1024px\" \/><\/figure>\n\n\n\n<figure class=\"wp-block-image aligncenter size-full is-resized\"><img loading=\"lazy\" decoding=\"async\" width=\"828\" height=\"466\" src=\"https:\/\/sugarlips.click\/wp-content\/uploads\/2026\/02\/Anh-chup-man-hinh-2026-01-22-110326-edited.png\" alt=\"\" class=\"wp-image-209\" style=\"aspect-ratio:1.7768865923726527;width:457px;height:auto\" srcset=\"https:\/\/sugarlips.click\/wp-content\/uploads\/2026\/02\/Anh-chup-man-hinh-2026-01-22-110326-edited.png 828w, https:\/\/sugarlips.click\/wp-content\/uploads\/2026\/02\/Anh-chup-man-hinh-2026-01-22-110326-edited-300x169.png 300w, https:\/\/sugarlips.click\/wp-content\/uploads\/2026\/02\/Anh-chup-man-hinh-2026-01-22-110326-edited-768x432.png 768w, https:\/\/sugarlips.click\/wp-content\/uploads\/2026\/02\/Anh-chup-man-hinh-2026-01-22-110326-edited-600x338.png 600w\" sizes=\"auto, (max-width: 828px) 100vw, 828px\" \/><\/figure>\n\n\n\n<h2 class=\"wp-block-heading\">C\u00f4ng d\u1ee5ng n\u1ed5i b\u1eadt c\u1ee7a Sugar Lips<\/h2>\n\n\n\n<p>C\u00e1c d\u00f2ng s\u1ea3n ph\u1ea9m m\u00f4i c\u1ee7a Sugar Lips mang \u0111\u1ebfn nhi\u1ec1u c\u00f4ng d\u1ee5ng thi\u1ebft th\u1ef1c:<\/p>\n\n\n\n<ul class=\"wp-block-list\">\n<li><strong>D\u01b0\u1ee1ng \u1ea9m v\u00e0 l\u00e0m m\u1ec1m m\u00f4i<\/strong>, h\u1ea1n ch\u1ebf kh\u00f4 n\u1ee9t<\/li>\n\n\n\n<li><strong>B\u1ea3o v\u1ec7 m\u00f4i<\/strong> tr\u01b0\u1edbc t\u00e1c \u0111\u1ed9ng c\u1ee7a m\u00f4i tr\u01b0\u1eddng<\/li>\n\n\n\n<li>Gi\u00fap <strong>m\u00f4i c\u0103ng b\u00f3ng, m\u1ecbn m\u00e0ng v\u00e0 t\u01b0\u01a1i t\u1eafn h\u01a1n<\/strong><\/li>\n\n\n\n<li>V\u1edbi son c\u00f3 m\u00e0u: <strong>l\u00ean m\u00e0u t\u1ef1 nhi\u00ean, d\u1ec5 d\u00f9ng h\u1eb1ng ng\u00e0y<\/strong><\/li>\n\n\n\n<li>V\u1edbi son l\u00ec: <strong>m\u00e0u s\u1eafc chu\u1ea9n, b\u1ec1n m\u00e0u nh\u01b0ng v\u1eabn nh\u1eb9 m\u00f4i<\/strong><\/li>\n<\/ul>\n\n\n\n<p>Nh\u1edd b\u1ea3ng th\u00e0nh ph\u1ea7n \u0111\u01b0\u1ee3c ch\u1ecdn l\u1ecdc k\u1ef9, Sugar Lips ph\u00f9 h\u1ee3p cho c\u1ea3 ng\u01b0\u1eddi m\u1edbi b\u1eaft \u0111\u1ea7u makeup ho\u1eb7c nh\u1eefng ai y\u00eau th\u00edch phong c\u00e1ch trang \u0111i\u1ec3m t\u1ef1 nhi\u00ean.<\/p>\n\n\n\n<h2 class=\"wp-block-heading\">V\u00ec sao n\u00ean ch\u1ecdn Sugar Lips?<\/h2>\n\n\n\n<ul class=\"wp-block-list\">\n<li>Th\u01b0\u01a1ng hi\u1ec7u h\u01b0\u1edbng \u0111\u1ebfn <strong>s\u1ef1 an to\u00e0n v\u00e0 l\u00e0nh t\u00ednh cho m\u00f4i<\/strong><\/li>\n\n\n\n<li>Gi\u00e1 th\u00e0nh <strong>ph\u00f9 h\u1ee3p v\u1edbi h\u1ecdc sinh \u2013 sinh vi\u00ean<\/strong><\/li>\n\n\n\n<li>M\u1eabu m\u00e3 \u0111\u1eb9p, d\u1ec5 s\u1eed d\u1ee5ng, ph\u00f9 h\u1ee3p nhi\u1ec1u phong c\u00e1ch<\/li>\n\n\n\n<li>Kh\u00f4ng ch\u1ec9 l\u00e0 son, Sugar Lips c\u00f2n l\u00e0 <strong>ng\u01b0\u1eddi b\u1ea1n \u0111\u1ed3ng h\u00e0nh gi\u00fap b\u1ea1n t\u1ef1 tin h\u01a1n m\u1ed7i ng\u00e0y<\/strong><\/li>\n<\/ul>\n\n\n\n<hr class=\"wp-block-separator has-alpha-channel-opacity\"\/>\n\n\n\n<h3 class=\"wp-block-heading\"><\/h3>\n","protected":false},"excerpt":{"rendered":"<p>Sugar Lips \u2013 C\u00e2u chuy\u1ec7n th\u01b0\u01a1ng hi\u1ec7u son m\u00f4i ng\u1ecdt ng\u00e0o d\u00e0nh cho \u0111\u00f4i m\u00f4i Vi\u1ec7t Gi\u1edbi thi\u1ec7u v\u1ec1 th\u01b0\u01a1ng hi\u1ec7u Sugar Lips Sugar Lips ra \u0111\u1eddi t\u1eeb mong mu\u1ed1n mang \u0111\u1ebfn nh\u1eefng s\u1ea3n ph\u1ea9m ch\u0103m s\u00f3c v\u00e0 trang \u0111i\u1ec3m m\u00f4i an to\u00e0n \u2013 d\u1ec5 d\u00f9ng \u2013 ph\u00f9 h\u1ee3p v\u1edbi l\u00e0n m\u00f4i ng\u01b0\u1eddi Vi\u1ec7t. Th\u01b0\u01a1ng [&hellip;]<\/p>\n","protected":false},"author":1,"featured_media":0,"parent":0,"menu_order":0,"comment_status":"closed","ping_status":"closed","template":"","meta":{"footnotes":""},"class_list":["post-191","page","type-page","status-publish","hentry"],"yoast_head":"<!-- This site is optimized with the Yoast SEO plugin v26.9 - https:\/\/yoast.com\/product\/yoast-seo-wordpress\/ -->\n<title>V\u1ec1 ch\u00fang t\u00f4i - Sugar Lips<\/title>\n<meta name=\"description\" content=\"V\u00ec sao n\u00ean ch\u1ecdn Sugar Lips?Th\u01b0\u01a1ng hi\u1ec7u h\u01b0\u1edbng \u0111\u1ebfn s\u1ef1 an to\u00e0n v\u00e0 l\u00e0nh t\u00ednh cho m\u00f4iGi\u00e1 th\u00e0nh ph\u00f9 h\u1ee3p v\u1edbi h\u1ecdc sinh \u2013 sinh vi\u00eanM\u1eabu m\u00e3 \u0111\u1eb9p, d\u1ec5 s\u1eed d\u1ee5ng, ph\u00f9 h\u1ee3p nhi\u1ec1u phong c\u00e1chKh\u00f4ng ch\u1ec9 l\u00e0 son, Sugar Lips c\u00f2n l\u00e0 ng\u01b0\u1eddi b\u1ea1n \u0111\u1ed3ng h\u00e0nh gi\u00fap b\u1ea1n t\u1ef1 tin h\u01a1n m\u1ed7i ng\u00e0yK\u1ebft lu\u1eadnSugar Lips kh\u00f4ng ch\u1ec9 \u0111\u01a1n thu\u1ea7n l\u00e0 m\u1ed9t th\u01b0\u01a1ng hi\u1ec7u son m\u00f4i, m\u00e0 c\u00f2n l\u00e0 c\u00e2u chuy\u1ec7n v\u1ec1 s\u1ef1 ng\u1ecdt ng\u00e0o, t\u1ef1 tin v\u00e0 ch\u0103m s\u00f3c b\u1ea3n th\u00e2n t\u1eeb nh\u1eefng \u0111i\u1ec1u nh\u1ecf nh\u1ea5t. N\u1ebfu b\u1ea1n \u0111ang t\u00ecm ki\u1ebfm m\u1ed9t s\u1ea3n ph\u1ea9m m\u00f4i \u0111\u1eb9p \u2013 d\u1ec5 d\u00f9ng \u2013 gi\u00e1 h\u1ee3p l\u00fd, Sugar Lips ch\u1eafc ch\u1eafn l\u00e0 l\u1ef1a ch\u1ecdn \u0111\u00e1ng th\u1eed.\" \/>\n<meta name=\"robots\" content=\"index, follow, max-snippet:-1, max-image-preview:large, max-video-preview:-1\" \/>\n<link rel=\"canonical\" href=\"https:\/\/sugarlips.click\/index.php\/ve-chung-toi\/\" \/>\n<meta property=\"og:locale\" content=\"vi_VN\" \/>\n<meta property=\"og:type\" content=\"article\" \/>\n<meta property=\"og:title\" content=\"V\u1ec1 ch\u00fang t\u00f4i - Sugar Lips\" \/>\n<meta property=\"og:description\" content=\"V\u00ec sao n\u00ean ch\u1ecdn Sugar Lips?Th\u01b0\u01a1ng hi\u1ec7u h\u01b0\u1edbng \u0111\u1ebfn s\u1ef1 an to\u00e0n v\u00e0 l\u00e0nh t\u00ednh cho m\u00f4iGi\u00e1 th\u00e0nh ph\u00f9 h\u1ee3p v\u1edbi h\u1ecdc sinh \u2013 sinh vi\u00eanM\u1eabu m\u00e3 \u0111\u1eb9p, d\u1ec5 s\u1eed d\u1ee5ng, ph\u00f9 h\u1ee3p nhi\u1ec1u phong c\u00e1chKh\u00f4ng ch\u1ec9 l\u00e0 son, Sugar Lips c\u00f2n l\u00e0 ng\u01b0\u1eddi b\u1ea1n \u0111\u1ed3ng h\u00e0nh gi\u00fap b\u1ea1n t\u1ef1 tin h\u01a1n m\u1ed7i ng\u00e0yK\u1ebft lu\u1eadnSugar Lips kh\u00f4ng ch\u1ec9 \u0111\u01a1n thu\u1ea7n l\u00e0 m\u1ed9t th\u01b0\u01a1ng hi\u1ec7u son m\u00f4i, m\u00e0 c\u00f2n l\u00e0 c\u00e2u chuy\u1ec7n v\u1ec1 s\u1ef1 ng\u1ecdt ng\u00e0o, t\u1ef1 tin v\u00e0 ch\u0103m s\u00f3c b\u1ea3n th\u00e2n t\u1eeb nh\u1eefng \u0111i\u1ec1u nh\u1ecf nh\u1ea5t. N\u1ebfu b\u1ea1n \u0111ang t\u00ecm ki\u1ebfm m\u1ed9t s\u1ea3n ph\u1ea9m m\u00f4i \u0111\u1eb9p \u2013 d\u1ec5 d\u00f9ng \u2013 gi\u00e1 h\u1ee3p l\u00fd, Sugar Lips ch\u1eafc ch\u1eafn l\u00e0 l\u1ef1a ch\u1ecdn \u0111\u00e1ng th\u1eed.\" \/>\n<meta property=\"og:url\" content=\"https:\/\/sugarlips.click\/index.php\/ve-chung-toi\/\" \/>\n<meta property=\"og:site_name\" content=\"Sugar Lips\" \/>\n<meta property=\"article:modified_time\" content=\"2026-02-24T04:10:34+00:00\" \/>\n<meta property=\"og:image\" content=\"https:\/\/sugarlips.click\/wp-content\/uploads\/2026\/01\/image-15-1024x591.png\" \/>\n\t<meta property=\"og:image:width\" content=\"1024\" \/>\n\t<meta property=\"og:image:height\" content=\"591\" \/>\n\t<meta property=\"og:image:type\" content=\"image\/png\" \/>\n<meta name=\"twitter:card\" content=\"summary_large_image\" \/>\n<meta name=\"twitter:label1\" content=\"\u01af\u1edbc t\u00ednh th\u1eddi gian \u0111\u1ecdc\" \/>\n\t<meta name=\"twitter:data1\" content=\"4 ph\u00fat\" \/>\n<script type=\"application\/ld+json\" class=\"yoast-schema-graph\">{\"@context\":\"https:\/\/schema.org\",\"@graph\":[{\"@type\":\"WebPage\",\"@id\":\"https:\/\/sugarlips.click\/index.php\/ve-chung-toi\/\",\"url\":\"https:\/\/sugarlips.click\/index.php\/ve-chung-toi\/\",\"name\":\"V\u1ec1 ch\u00fang t\u00f4i - Sugar Lips\",\"isPartOf\":{\"@id\":\"https:\/\/sugarlips.click\/#website\"},\"primaryImageOfPage\":{\"@id\":\"https:\/\/sugarlips.click\/index.php\/ve-chung-toi\/#primaryimage\"},\"image\":{\"@id\":\"https:\/\/sugarlips.click\/index.php\/ve-chung-toi\/#primaryimage\"},\"thumbnailUrl\":\"https:\/\/sugarlips.click\/wp-content\/uploads\/2026\/01\/image-15-1024x591.png\",\"datePublished\":\"2026-02-07T03:26:52+00:00\",\"dateModified\":\"2026-02-24T04:10:34+00:00\",\"description\":\"V\u00ec sao n\u00ean ch\u1ecdn Sugar Lips?Th\u01b0\u01a1ng hi\u1ec7u h\u01b0\u1edbng \u0111\u1ebfn s\u1ef1 an to\u00e0n v\u00e0 l\u00e0nh t\u00ednh cho m\u00f4iGi\u00e1 th\u00e0nh ph\u00f9 h\u1ee3p v\u1edbi h\u1ecdc sinh \u2013 sinh vi\u00eanM\u1eabu m\u00e3 \u0111\u1eb9p, d\u1ec5 s\u1eed d\u1ee5ng, ph\u00f9 h\u1ee3p nhi\u1ec1u phong c\u00e1chKh\u00f4ng ch\u1ec9 l\u00e0 son, Sugar Lips c\u00f2n l\u00e0 ng\u01b0\u1eddi b\u1ea1n \u0111\u1ed3ng h\u00e0nh gi\u00fap b\u1ea1n t\u1ef1 tin h\u01a1n m\u1ed7i ng\u00e0yK\u1ebft lu\u1eadnSugar Lips kh\u00f4ng ch\u1ec9 \u0111\u01a1n thu\u1ea7n l\u00e0 m\u1ed9t th\u01b0\u01a1ng hi\u1ec7u son m\u00f4i, m\u00e0 c\u00f2n l\u00e0 c\u00e2u chuy\u1ec7n v\u1ec1 s\u1ef1 ng\u1ecdt ng\u00e0o, t\u1ef1 tin v\u00e0 ch\u0103m s\u00f3c b\u1ea3n th\u00e2n t\u1eeb nh\u1eefng \u0111i\u1ec1u nh\u1ecf nh\u1ea5t. N\u1ebfu b\u1ea1n \u0111ang t\u00ecm ki\u1ebfm m\u1ed9t s\u1ea3n ph\u1ea9m m\u00f4i \u0111\u1eb9p \u2013 d\u1ec5 d\u00f9ng \u2013 gi\u00e1 h\u1ee3p l\u00fd, Sugar Lips ch\u1eafc ch\u1eafn l\u00e0 l\u1ef1a ch\u1ecdn \u0111\u00e1ng th\u1eed.\",\"breadcrumb\":{\"@id\":\"https:\/\/sugarlips.click\/index.php\/ve-chung-toi\/#breadcrumb\"},\"inLanguage\":\"vi\",\"potentialAction\":[{\"@type\":\"ReadAction\",\"target\":[\"https:\/\/sugarlips.click\/index.php\/ve-chung-toi\/\"]}]},{\"@type\":\"ImageObject\",\"inLanguage\":\"vi\",\"@id\":\"https:\/\/sugarlips.click\/index.php\/ve-chung-toi\/#primaryimage\",\"url\":\"https:\/\/sugarlips.click\/wp-content\/uploads\/2026\/01\/image-15.png\",\"contentUrl\":\"https:\/\/sugarlips.click\/wp-content\/uploads\/2026\/01\/image-15.png\",\"width\":1662,\"height\":960},{\"@type\":\"BreadcrumbList\",\"@id\":\"https:\/\/sugarlips.click\/index.php\/ve-chung-toi\/#breadcrumb\",\"itemListElement\":[{\"@type\":\"ListItem\",\"position\":1,\"name\":\"Trang ch\u1ee7\",\"item\":\"https:\/\/sugarlips.click\/\"},{\"@type\":\"ListItem\",\"position\":2,\"name\":\"V\u1ec1 ch\u00fang t\u00f4i\"}]},{\"@type\":\"WebSite\",\"@id\":\"https:\/\/sugarlips.click\/#website\",\"url\":\"https:\/\/sugarlips.click\/\",\"name\":\"Sugar Lips\",\"description\":\"\",\"publisher\":{\"@id\":\"https:\/\/sugarlips.click\/#organization\"},\"potentialAction\":[{\"@type\":\"SearchAction\",\"target\":{\"@type\":\"EntryPoint\",\"urlTemplate\":\"https:\/\/sugarlips.click\/?s={search_term_string}\"},\"query-input\":{\"@type\":\"PropertyValueSpecification\",\"valueRequired\":true,\"valueName\":\"search_term_string\"}}],\"inLanguage\":\"vi\"},{\"@type\":\"Organization\",\"@id\":\"https:\/\/sugarlips.click\/#organization\",\"name\":\"Sugar Lips\",\"url\":\"https:\/\/sugarlips.click\/\",\"logo\":{\"@type\":\"ImageObject\",\"inLanguage\":\"vi\",\"@id\":\"https:\/\/sugarlips.click\/#\/schema\/logo\/image\/\",\"url\":\"https:\/\/sugarlips.click\/wp-content\/uploads\/2026\/01\/image-15-1024x591.png\",\"contentUrl\":\"https:\/\/sugarlips.click\/wp-content\/uploads\/2026\/01\/image-15-1024x591.png\",\"width\":1024,\"height\":591,\"caption\":\"Sugar Lips\"},\"image\":{\"@id\":\"https:\/\/sugarlips.click\/#\/schema\/logo\/image\/\"}}]}<\/script>\n<!-- \/ Yoast SEO plugin. -->","yoast_head_json":{"title":"V\u1ec1 ch\u00fang t\u00f4i - Sugar Lips","description":"V\u00ec sao n\u00ean ch\u1ecdn Sugar Lips?Th\u01b0\u01a1ng hi\u1ec7u h\u01b0\u1edbng \u0111\u1ebfn s\u1ef1 an to\u00e0n v\u00e0 l\u00e0nh t\u00ednh cho m\u00f4iGi\u00e1 th\u00e0nh ph\u00f9 h\u1ee3p v\u1edbi h\u1ecdc sinh \u2013 sinh vi\u00eanM\u1eabu m\u00e3 \u0111\u1eb9p, d\u1ec5 s\u1eed d\u1ee5ng, ph\u00f9 h\u1ee3p nhi\u1ec1u phong c\u00e1chKh\u00f4ng ch\u1ec9 l\u00e0 son, Sugar Lips c\u00f2n l\u00e0 ng\u01b0\u1eddi b\u1ea1n \u0111\u1ed3ng h\u00e0nh gi\u00fap b\u1ea1n t\u1ef1 tin h\u01a1n m\u1ed7i ng\u00e0yK\u1ebft lu\u1eadnSugar Lips kh\u00f4ng ch\u1ec9 \u0111\u01a1n thu\u1ea7n l\u00e0 m\u1ed9t th\u01b0\u01a1ng hi\u1ec7u son m\u00f4i, m\u00e0 c\u00f2n l\u00e0 c\u00e2u chuy\u1ec7n v\u1ec1 s\u1ef1 ng\u1ecdt ng\u00e0o, t\u1ef1 tin v\u00e0 ch\u0103m s\u00f3c b\u1ea3n th\u00e2n t\u1eeb nh\u1eefng \u0111i\u1ec1u nh\u1ecf nh\u1ea5t. N\u1ebfu b\u1ea1n \u0111ang t\u00ecm ki\u1ebfm m\u1ed9t s\u1ea3n ph\u1ea9m m\u00f4i \u0111\u1eb9p \u2013 d\u1ec5 d\u00f9ng \u2013 gi\u00e1 h\u1ee3p l\u00fd, Sugar Lips ch\u1eafc ch\u1eafn l\u00e0 l\u1ef1a ch\u1ecdn \u0111\u00e1ng th\u1eed.","robots":{"index":"index","follow":"follow","max-snippet":"max-snippet:-1","max-image-preview":"max-image-preview:large","max-video-preview":"max-video-preview:-1"},"canonical":"https:\/\/sugarlips.click\/index.php\/ve-chung-toi\/","og_locale":"vi_VN","og_type":"article","og_title":"V\u1ec1 ch\u00fang t\u00f4i - Sugar Lips","og_description":"V\u00ec sao n\u00ean ch\u1ecdn Sugar Lips?Th\u01b0\u01a1ng hi\u1ec7u h\u01b0\u1edbng \u0111\u1ebfn s\u1ef1 an to\u00e0n v\u00e0 l\u00e0nh t\u00ednh cho m\u00f4iGi\u00e1 th\u00e0nh ph\u00f9 h\u1ee3p v\u1edbi h\u1ecdc sinh \u2013 sinh vi\u00eanM\u1eabu m\u00e3 \u0111\u1eb9p, d\u1ec5 s\u1eed d\u1ee5ng, ph\u00f9 h\u1ee3p nhi\u1ec1u phong c\u00e1chKh\u00f4ng ch\u1ec9 l\u00e0 son, Sugar Lips c\u00f2n l\u00e0 ng\u01b0\u1eddi b\u1ea1n \u0111\u1ed3ng h\u00e0nh gi\u00fap b\u1ea1n t\u1ef1 tin h\u01a1n m\u1ed7i ng\u00e0yK\u1ebft lu\u1eadnSugar Lips kh\u00f4ng ch\u1ec9 \u0111\u01a1n thu\u1ea7n l\u00e0 m\u1ed9t th\u01b0\u01a1ng hi\u1ec7u son m\u00f4i, m\u00e0 c\u00f2n l\u00e0 c\u00e2u chuy\u1ec7n v\u1ec1 s\u1ef1 ng\u1ecdt ng\u00e0o, t\u1ef1 tin v\u00e0 ch\u0103m s\u00f3c b\u1ea3n th\u00e2n t\u1eeb nh\u1eefng \u0111i\u1ec1u nh\u1ecf nh\u1ea5t. N\u1ebfu b\u1ea1n \u0111ang t\u00ecm ki\u1ebfm m\u1ed9t s\u1ea3n ph\u1ea9m m\u00f4i \u0111\u1eb9p \u2013 d\u1ec5 d\u00f9ng \u2013 gi\u00e1 h\u1ee3p l\u00fd, Sugar Lips ch\u1eafc ch\u1eafn l\u00e0 l\u1ef1a ch\u1ecdn \u0111\u00e1ng th\u1eed.","og_url":"https:\/\/sugarlips.click\/index.php\/ve-chung-toi\/","og_site_name":"Sugar Lips","article_modified_time":"2026-02-24T04:10:34+00:00","og_image":[{"width":1024,"height":591,"url":"https:\/\/sugarlips.click\/wp-content\/uploads\/2026\/01\/image-15-1024x591.png","type":"image\/png"}],"twitter_card":"summary_large_image","twitter_misc":{"\u01af\u1edbc t\u00ednh th\u1eddi gian \u0111\u1ecdc":"4 ph\u00fat"},"schema":{"@context":"https:\/\/schema.org","@graph":[{"@type":"WebPage","@id":"https:\/\/sugarlips.click\/index.php\/ve-chung-toi\/","url":"https:\/\/sugarlips.click\/index.php\/ve-chung-toi\/","name":"V\u1ec1 ch\u00fang t\u00f4i - Sugar Lips","isPartOf":{"@id":"https:\/\/sugarlips.click\/#website"},"primaryImageOfPage":{"@id":"https:\/\/sugarlips.click\/index.php\/ve-chung-toi\/#primaryimage"},"image":{"@id":"https:\/\/sugarlips.click\/index.php\/ve-chung-toi\/#primaryimage"},"thumbnailUrl":"https:\/\/sugarlips.click\/wp-content\/uploads\/2026\/01\/image-15-1024x591.png","datePublished":"2026-02-07T03:26:52+00:00","dateModified":"2026-02-24T04:10:34+00:00","description":"V\u00ec sao n\u00ean ch\u1ecdn Sugar Lips?Th\u01b0\u01a1ng hi\u1ec7u h\u01b0\u1edbng \u0111\u1ebfn s\u1ef1 an to\u00e0n v\u00e0 l\u00e0nh t\u00ednh cho m\u00f4iGi\u00e1 th\u00e0nh ph\u00f9 h\u1ee3p v\u1edbi h\u1ecdc sinh \u2013 sinh vi\u00eanM\u1eabu m\u00e3 \u0111\u1eb9p, d\u1ec5 s\u1eed d\u1ee5ng, ph\u00f9 h\u1ee3p nhi\u1ec1u phong c\u00e1chKh\u00f4ng ch\u1ec9 l\u00e0 son, Sugar Lips c\u00f2n l\u00e0 ng\u01b0\u1eddi b\u1ea1n \u0111\u1ed3ng h\u00e0nh gi\u00fap b\u1ea1n t\u1ef1 tin h\u01a1n m\u1ed7i ng\u00e0yK\u1ebft lu\u1eadnSugar Lips kh\u00f4ng ch\u1ec9 \u0111\u01a1n thu\u1ea7n l\u00e0 m\u1ed9t th\u01b0\u01a1ng hi\u1ec7u son m\u00f4i, m\u00e0 c\u00f2n l\u00e0 c\u00e2u chuy\u1ec7n v\u1ec1 s\u1ef1 ng\u1ecdt ng\u00e0o, t\u1ef1 tin v\u00e0 ch\u0103m s\u00f3c b\u1ea3n th\u00e2n t\u1eeb nh\u1eefng \u0111i\u1ec1u nh\u1ecf nh\u1ea5t. N\u1ebfu b\u1ea1n \u0111ang t\u00ecm ki\u1ebfm m\u1ed9t s\u1ea3n ph\u1ea9m m\u00f4i \u0111\u1eb9p \u2013 d\u1ec5 d\u00f9ng \u2013 gi\u00e1 h\u1ee3p l\u00fd, Sugar Lips ch\u1eafc ch\u1eafn l\u00e0 l\u1ef1a ch\u1ecdn \u0111\u00e1ng th\u1eed.","breadcrumb":{"@id":"https:\/\/sugarlips.click\/index.php\/ve-chung-toi\/#breadcrumb"},"inLanguage":"vi","potentialAction":[{"@type":"ReadAction","target":["https:\/\/sugarlips.click\/index.php\/ve-chung-toi\/"]}]},{"@type":"ImageObject","inLanguage":"vi","@id":"https:\/\/sugarlips.click\/index.php\/ve-chung-toi\/#primaryimage","url":"https:\/\/sugarlips.click\/wp-content\/uploads\/2026\/01\/image-15.png","contentUrl":"https:\/\/sugarlips.click\/wp-content\/uploads\/2026\/01\/image-15.png","width":1662,"height":960},{"@type":"BreadcrumbList","@id":"https:\/\/sugarlips.click\/index.php\/ve-chung-toi\/#breadcrumb","itemListElement":[{"@type":"ListItem","position":1,"name":"Trang ch\u1ee7","item":"https:\/\/sugarlips.click\/"},{"@type":"ListItem","position":2,"name":"V\u1ec1 ch\u00fang t\u00f4i"}]},{"@type":"WebSite","@id":"https:\/\/sugarlips.click\/#website","url":"https:\/\/sugarlips.click\/","name":"Sugar Lips","description":"","publisher":{"@id":"https:\/\/sugarlips.click\/#organization"},"potentialAction":[{"@type":"SearchAction","target":{"@type":"EntryPoint","urlTemplate":"https:\/\/sugarlips.click\/?s={search_term_string}"},"query-input":{"@type":"PropertyValueSpecification","valueRequired":true,"valueName":"search_term_string"}}],"inLanguage":"vi"},{"@type":"Organization","@id":"https:\/\/sugarlips.click\/#organization","name":"Sugar Lips","url":"https:\/\/sugarlips.click\/","logo":{"@type":"ImageObject","inLanguage":"vi","@id":"https:\/\/sugarlips.click\/#\/schema\/logo\/image\/","url":"https:\/\/sugarlips.click\/wp-content\/uploads\/2026\/01\/image-15-1024x591.png","contentUrl":"https:\/\/sugarlips.click\/wp-content\/uploads\/2026\/01\/image-15-1024x591.png","width":1024,"height":591,"caption":"Sugar Lips"},"image":{"@id":"https:\/\/sugarlips.click\/#\/schema\/logo\/image\/"}}]}},"jetpack_sharing_enabled":true,"_links":{"self":[{"href":"https:\/\/sugarlips.click\/index.php\/wp-json\/wp\/v2\/pages\/191","targetHints":{"allow":["GET"]}}],"collection":[{"href":"https:\/\/sugarlips.click\/index.php\/wp-json\/wp\/v2\/pages"}],"about":[{"href":"https:\/\/sugarlips.click\/index.php\/wp-json\/wp\/v2\/types\/page"}],"author":[{"embeddable":true,"href":"https:\/\/sugarlips.click\/index.php\/wp-json\/wp\/v2\/users\/1"}],"replies":[{"embeddable":true,"href":"https:\/\/sugarlips.click\/index.php\/wp-json\/wp\/v2\/comments?post=191"}],"version-history":[{"count":2,"href":"https:\/\/sugarlips.click\/index.php\/wp-json\/wp\/v2\/pages\/191\/revisions"}],"predecessor-version":[{"id":215,"href":"https:\/\/sugarlips.click\/index.php\/wp-json\/wp\/v2\/pages\/191\/revisions\/215"}],"wp:attachment":[{"href":"https:\/\/sugarlips.click\/index.php\/wp-json\/wp\/v2\/media?parent=191"}],"curies":[{"name":"wp","href":"https:\/\/api.w.org\/{rel}","templated":true}]}}