{"id":238,"date":"2026-02-26T03:24:12","date_gmt":"2026-02-26T03:24:12","guid":{"rendered":"https:\/\/sugarlips.click\/?page_id=238"},"modified":"2026-02-26T03:37:20","modified_gmt":"2026-02-26T03:37:20","slug":"ho-tro-khach-hang","status":"publish","type":"page","link":"https:\/\/sugarlips.click\/index.php\/ho-tro-khach-hang\/","title":{"rendered":"H\u1ed7 tr\u1ee3 kh\u00e1ch h\u00e0ng"},"content":{"rendered":"\n<p>Nh\u1eefng c\u00e2u h\u1ecfi m\u00e0 kh\u00e1ch h\u00e0ng hay g\u1eb7p ph\u1ea3i khi nh\u00ecn th\u1ea5y c\u00e1c s\u1ea3n ph\u1ea9m c\u1ee7a son SUGAR LIPS<\/p>\n\n\n\n<p>Son Sugar Lips c\u00f3 g\u00e2y kh\u00f4 m\u00f4i ho\u1eb7c th\u00e2m m\u00f4i kh\u00f4ng?<\/p>\n\n\n\n<p>D\u00f2ng son n\u00e0o b\u00e1m m\u00e0u l\u00e2u nh\u1ea5t v\u00e0 ph\u00f9 h\u1ee3p \u0111\u1ec3 \u0111i h\u1ecdc, \u0111i l\u00e0m?<\/p>\n\n\n\n<p>M\u00e0u son n\u00e0o h\u1ee3p v\u1edbi t\u1eebng t\u00f4ng da (da s\u00e1ng, da trung b\u00ecnh, da ng\u0103m)?<\/p>\n\n\n\n<p>Th\u00e0nh ph\u1ea7n c\u1ee7a son c\u00f3 an to\u00e0n v\u00e0 ph\u00f9 h\u1ee3p v\u1edbi m\u00f4i nh\u1ea1y c\u1ea3m kh\u00f4ng?<\/p>\n\n\n\n<p>Son c\u00f3 d\u1ec5 tr\u00f4i khi \u0103n u\u1ed1ng kh\u00f4ng?<\/p>\n\n\n\n<p>Ch\u00ednh s\u00e1ch \u0111\u1ed5i tr\u1ea3 ho\u1eb7c h\u1ed7 tr\u1ee3 khi s\u1ea3n ph\u1ea9m b\u1ecb l\u1ed7i nh\u01b0 th\u1ebf n\u00e0o? <\/p>\n\n\n\n<p>Trong qu\u00e1 tr\u00ecnh l\u1ef1a ch\u1ecdn m\u1ef9 ph\u1ea9m, kh\u00e1ch h\u00e0ng kh\u00f4ng ch\u1ec9 quan t\u00e2m \u0111\u1ebfn m\u00e0u s\u1eafc m\u00e0 c\u00f2n ch\u00fa tr\u1ecdng ch\u1ea5t l\u01b0\u1ee3ng, \u0111\u1ed9 an to\u00e0n v\u00e0 s\u1ef1 ph\u00f9 h\u1ee3p v\u1edbi nhu c\u1ea7u c\u00e1 nh\u00e2n. V\u00ec v\u1eady, b\u00e0i vi\u1ebft n\u00e0y s\u1ebd <strong>h\u1ed7 tr\u1ee3 kh\u00e1ch h\u00e0ng hi\u1ec3u r\u00f5 h\u01a1n v\u1ec1 d\u00f2ng son Sugar Lips<\/strong>, gi\u00fap b\u1ea1n t\u1ef1 tin ch\u1ecdn \u0111\u01b0\u1ee3c s\u1ea3n ph\u1ea9m ph\u00f9 h\u1ee3p nh\u1ea5t.<\/p>\n\n\n\n<hr class=\"wp-block-separator has-alpha-channel-opacity\"\/>\n\n\n\n<div class=\"wp-block-group has-global-padding is-layout-constrained wp-block-group-is-layout-constrained\">\n<div class=\"wp-block-columns is-layout-flex wp-container-core-columns-is-layout-28f84493 wp-block-columns-is-layout-flex\">\n<div class=\"wp-block-column is-vertically-aligned-stretch is-layout-flow wp-block-column-is-layout-flow\" style=\"flex-basis:100%\">\n<figure class=\"wp-block-image size-full is-resized\"><img loading=\"lazy\" decoding=\"async\" width=\"1024\" height=\"1024\" src=\"https:\/\/sugarlips.click\/wp-content\/uploads\/2026\/01\/image-30.png\" alt=\"\" class=\"wp-image-137\" style=\"width:254px;height:auto\" srcset=\"https:\/\/sugarlips.click\/wp-content\/uploads\/2026\/01\/image-30.png 1024w, https:\/\/sugarlips.click\/wp-content\/uploads\/2026\/01\/image-30-300x300.png 300w, https:\/\/sugarlips.click\/wp-content\/uploads\/2026\/01\/image-30-150x150.png 150w, https:\/\/sugarlips.click\/wp-content\/uploads\/2026\/01\/image-30-768x768.png 768w, https:\/\/sugarlips.click\/wp-content\/uploads\/2026\/01\/image-30-600x600.png 600w, https:\/\/sugarlips.click\/wp-content\/uploads\/2026\/01\/image-30-100x100.png 100w\" sizes=\"auto, (max-width: 1024px) 100vw, 1024px\" \/><\/figure>\n\n\n\n<figure class=\"wp-block-image size-full is-resized\"><img loading=\"lazy\" decoding=\"async\" width=\"1024\" height=\"1024\" src=\"https:\/\/sugarlips.click\/wp-content\/uploads\/2026\/01\/image-31.png\" alt=\"\" class=\"wp-image-138\" style=\"width:249px;height:auto\" srcset=\"https:\/\/sugarlips.click\/wp-content\/uploads\/2026\/01\/image-31.png 1024w, https:\/\/sugarlips.click\/wp-content\/uploads\/2026\/01\/image-31-300x300.png 300w, https:\/\/sugarlips.click\/wp-content\/uploads\/2026\/01\/image-31-150x150.png 150w, https:\/\/sugarlips.click\/wp-content\/uploads\/2026\/01\/image-31-768x768.png 768w, https:\/\/sugarlips.click\/wp-content\/uploads\/2026\/01\/image-31-600x600.png 600w, https:\/\/sugarlips.click\/wp-content\/uploads\/2026\/01\/image-31-100x100.png 100w\" sizes=\"auto, (max-width: 1024px) 100vw, 1024px\" \/><\/figure>\n\n\n\n<figure class=\"wp-block-image size-full is-resized\"><img loading=\"lazy\" decoding=\"async\" width=\"1024\" height=\"1024\" src=\"https:\/\/sugarlips.click\/wp-content\/uploads\/2026\/01\/image-28.png\" alt=\"\" class=\"wp-image-135\" style=\"width:245px;height:auto\" srcset=\"https:\/\/sugarlips.click\/wp-content\/uploads\/2026\/01\/image-28.png 1024w, https:\/\/sugarlips.click\/wp-content\/uploads\/2026\/01\/image-28-300x300.png 300w, https:\/\/sugarlips.click\/wp-content\/uploads\/2026\/01\/image-28-150x150.png 150w, https:\/\/sugarlips.click\/wp-content\/uploads\/2026\/01\/image-28-768x768.png 768w, https:\/\/sugarlips.click\/wp-content\/uploads\/2026\/01\/image-28-600x600.png 600w, https:\/\/sugarlips.click\/wp-content\/uploads\/2026\/01\/image-28-100x100.png 100w\" sizes=\"auto, (max-width: 1024px) 100vw, 1024px\" \/><\/figure>\n<\/div>\n<\/div>\n<\/div>\n\n\n\n<h2 class=\"wp-block-heading\">1. Gi\u1edbi Thi\u1ec7u Chung V\u1ec1 Son Sugar Lips<\/h2>\n\n\n\n<p><strong>Sugar Lips<\/strong> l\u00e0 th\u01b0\u01a1ng hi\u1ec7u son m\u00f4i h\u01b0\u1edbng \u0111\u1ebfn phong c\u00e1ch tr\u1ebb trung, hi\u1ec7n \u0111\u1ea1i v\u00e0 d\u1ec5 s\u1eed d\u1ee5ng h\u1eb1ng ng\u00e0y. S\u1ea3n ph\u1ea9m \u0111\u01b0\u1ee3c ph\u00e1t tri\u1ec3n nh\u1eb1m \u0111\u00e1p \u1ee9ng nhu c\u1ea7u c\u1ee7a h\u1ecdc sinh, sinh vi\u00ean v\u00e0 nh\u00e2n vi\u00ean v\u0103n ph\u00f2ng \u2013 nh\u1eefng ng\u01b0\u1eddi y\u00eau th\u00edch v\u1ebb \u0111\u1eb9p t\u1ef1 nhi\u00ean nh\u01b0ng v\u1eabn n\u1ed5i b\u1eadt.<\/p>\n\n\n\n<p>D\u00f2ng son Sugar Lips t\u1eadp trung v\u00e0o:<\/p>\n\n\n\n<ul class=\"wp-block-list\">\n<li>M\u00e0u s\u1eafc b\u1eaft trend<\/li>\n\n\n\n<li>Ch\u1ea5t son m\u1ec1m m\u1ecbn<\/li>\n\n\n\n<li>Gi\u00e1 th\u00e0nh h\u1ee3p l\u00fd<\/li>\n\n\n\n<li>Thi\u1ebft k\u1ebf nh\u1ecf g\u1ecdn, ti\u1ec7n l\u1ee3i<\/li>\n<\/ul>\n\n\n\n<hr class=\"wp-block-separator has-alpha-channel-opacity\"\/>\n\n\n\n<h2 class=\"wp-block-heading\">2. C\u00e1c D\u00f2ng Son Sugar Lips Hi\u1ec7n C\u00f3<\/h2>\n\n\n\n<p>\u0110\u1ec3 h\u1ed7 tr\u1ee3 kh\u00e1ch h\u00e0ng l\u1ef1a ch\u1ecdn \u0111\u00fang s\u1ea3n ph\u1ea9m, Sugar Lips hi\u1ec7n c\u00f3 3 d\u00f2ng ch\u00ednh:<\/p>\n\n\n\n<h3 class=\"wp-block-heading\">\ud83d\udc84 Son l\u00ec Sugar Lips<\/h3>\n\n\n\n<ul class=\"wp-block-list\">\n<li>L\u00ean m\u00e0u chu\u1ea9n ngay l\u1ea7n thoa \u0111\u1ea7u<\/li>\n\n\n\n<li>\u0110\u1ed9 b\u00e1m m\u00e0u t\u1ed1t t\u1eeb 4\u20136 ti\u1ebfng<\/li>\n\n\n\n<li>Ph\u00f9 h\u1ee3p v\u1edbi phong c\u00e1ch c\u00e1 t\u00ednh, trang \u0111i\u1ec3m \u0111\u1eadm<\/li>\n<\/ul>\n\n\n\n<h3 class=\"wp-block-heading\">\ud83d\udc8b Son tint Sugar Lips<\/h3>\n\n\n\n<ul class=\"wp-block-list\">\n<li>K\u1ebft c\u1ea5u nh\u1eb9, th\u1ea5m nhanh<\/li>\n\n\n\n<li>T\u1ea1o hi\u1ec7u \u1ee9ng m\u00f4i c\u0103ng m\u1ecdng t\u1ef1 nhi\u00ean<\/li>\n\n\n\n<li>Ph\u00f9 h\u1ee3p v\u1edbi phong c\u00e1ch trang \u0111i\u1ec3m trong tr\u1ebbo<\/li>\n<\/ul>\n\n\n\n<h3 class=\"wp-block-heading\">\u2728 Son b\u00f3ng Sugar Lips<\/h3>\n\n\n\n<ul class=\"wp-block-list\">\n<li>Gi\u00fap m\u00f4i tr\u00f4ng \u0111\u1ea7y \u0111\u1eb7n h\u01a1n<\/li>\n\n\n\n<li>C\u00f3 kh\u1ea3 n\u0103ng d\u01b0\u1ee1ng \u1ea9m t\u1ed1t<\/li>\n\n\n\n<li>Ph\u00f9 h\u1ee3p d\u00f9ng h\u1eb1ng ng\u00e0y ho\u1eb7c k\u1ebft h\u1ee3p son l\u00ec<\/li>\n<\/ul>\n\n\n\n<hr class=\"wp-block-separator has-alpha-channel-opacity\"\/>\n\n\n\n<h2 class=\"wp-block-heading\">3. Th\u00e0nh Ph\u1ea7n V\u00e0 \u0110\u1ed9 An To\u00e0n<\/h2>\n\n\n\n<p>M\u1ed9t trong nh\u1eefng v\u1ea5n \u0111\u1ec1 kh\u00e1ch h\u00e0ng quan t\u00e2m nh\u1ea5t l\u00e0 <strong>son c\u00f3 g\u00e2y kh\u00f4 m\u00f4i hay th\u00e2m m\u00f4i kh\u00f4ng?<\/strong><\/p>\n\n\n\n<p>Son Sugar Lips \u0111\u01b0\u1ee3c nghi\u00ean c\u1ee9u v\u1edbi:<\/p>\n\n\n\n<ul class=\"wp-block-list\">\n<li>Th\u00e0nh ph\u1ea7n d\u01b0\u1ee1ng \u1ea9m gi\u00fap h\u1ea1n ch\u1ebf kh\u00f4 m\u00f4i<\/li>\n\n\n\n<li>C\u00f4ng th\u1ee9c nh\u1eb9 m\u00f4i, kh\u00f4ng g\u00e2y n\u1eb7ng m\u00f4i<\/li>\n\n\n\n<li>Ph\u00f9 h\u1ee3p v\u1edbi nhi\u1ec1u lo\u1ea1i da m\u00f4i<\/li>\n<\/ul>\n\n\n\n<p>Khuy\u1ebfn ngh\u1ecb: D\u01b0\u1ee1ng m\u00f4i tr\u01b0\u1edbc khi s\u1eed d\u1ee5ng \u0111\u1ec3 \u0111\u1ea1t hi\u1ec7u qu\u1ea3 t\u1ed1t nh\u1ea5t.<\/p>\n\n\n\n<hr class=\"wp-block-separator has-alpha-channel-opacity\"\/>\n\n\n\n<h2 class=\"wp-block-heading\">4. C\u00e1ch Ch\u1ecdn M\u00e0u Son Sugar Lips Ph\u00f9 H\u1ee3p<\/h2>\n\n\n\n<p>\u0110\u1ec3 gi\u00fap kh\u00e1ch h\u00e0ng hi\u1ec3u r\u00f5 v\u00e0 ch\u1ecdn \u0111\u00fang m\u00e0u:<\/p>\n\n\n\n<ul class=\"wp-block-list\">\n<li>Da s\u00e1ng: Ph\u00f9 h\u1ee3p v\u1edbi h\u1ed3ng \u0111\u00e0o, cam \u0111\u00e0o, \u0111\u1ecf t\u01b0\u01a1i<\/li>\n\n\n\n<li>Da trung b\u00ecnh: H\u1ee3p v\u1edbi cam \u0111\u1ea5t, \u0111\u1ecf r\u01b0\u1ee3u, h\u1ed3ng \u0111\u1ea5t<\/li>\n\n\n\n<li>Da ng\u0103m: N\u00ean ch\u1ecdn \u0111\u1ecf m\u1eadn, n\u00e2u tr\u00e0 s\u1eefa, \u0111\u1ecf g\u1ea1ch<\/li>\n<\/ul>\n\n\n\n<p>N\u1ebfu ch\u01b0a ch\u1eafc ch\u1eafn, b\u1ea1n n\u00ean th\u1eed m\u00e0u tr\u1ef1c ti\u1ebfp ho\u1eb7c tham kh\u1ea3o b\u1ea3ng swatch t\u1eeb th\u01b0\u01a1ng hi\u1ec7u.<\/p>\n\n\n\n<hr class=\"wp-block-separator has-alpha-channel-opacity\"\/>\n\n\n\n<h2 class=\"wp-block-heading\">5. H\u01b0\u1edbng D\u1eabn S\u1eed D\u1ee5ng V\u00e0 B\u1ea3o Qu\u1ea3n Son<\/h2>\n\n\n\n<p>\u0110\u1ec3 son lu\u00f4n b\u1ec1n m\u00e0u v\u00e0 \u0111\u1ea3m b\u1ea3o ch\u1ea5t l\u01b0\u1ee3ng:<\/p>\n\n\n\n<ul class=\"wp-block-list\">\n<li>\u0110\u1eady k\u00edn n\u1eafp sau khi s\u1eed d\u1ee5ng<\/li>\n\n\n\n<li>B\u1ea3o qu\u1ea3n n\u01a1i kh\u00f4 r\u00e1o, tr\u00e1nh \u00e1nh n\u1eafng tr\u1ef1c ti\u1ebfp<\/li>\n\n\n\n<li>Kh\u00f4ng d\u00f9ng chung son \u0111\u1ec3 \u0111\u1ea3m b\u1ea3o v\u1ec7 sinh<\/li>\n<\/ul>\n\n\n\n<hr class=\"wp-block-separator has-alpha-channel-opacity\"\/>\n\n\n\n<h2 class=\"wp-block-heading\">6. Ch\u00ednh S\u00e1ch H\u1ed7 Tr\u1ee3 Kh\u00e1ch H\u00e0ng C\u1ee7a Sugar Lips<\/h2>\n\n\n\n<p>Sugar Lips lu\u00f4n \u0111\u1eb7t tr\u1ea3i nghi\u1ec7m kh\u00e1ch h\u00e0ng l\u00ean h\u00e0ng \u0111\u1ea7u:<\/p>\n\n\n\n<ul class=\"wp-block-list\">\n<li>T\u01b0 v\u1ea5n ch\u1ecdn m\u00e0u ph\u00f9 h\u1ee3p<\/li>\n\n\n\n<li>H\u1ed7 tr\u1ee3 \u0111\u1ed5i tr\u1ea3 n\u1ebfu s\u1ea3n ph\u1ea9m l\u1ed7i<\/li>\n\n\n\n<li>Gi\u1ea3i \u0111\u00e1p th\u1eafc m\u1eafc nhanh ch\u00f3ng qua k\u00eanh b\u00e1n h\u00e0ng<\/li>\n<\/ul>\n\n\n\n<p>S\u1ef1 h\u00e0i l\u00f2ng c\u1ee7a kh\u00e1ch h\u00e0ng ch\u00ednh l\u00e0 m\u1ee5c ti\u00eau ph\u00e1t tri\u1ec3n l\u00e2u d\u00e0i c\u1ee7a th\u01b0\u01a1ng hi\u1ec7u.<\/p>\n\n\n\n<hr class=\"wp-block-separator has-alpha-channel-opacity\"\/>\n\n\n\n<h2 class=\"wp-block-heading\">7. K\u1ebft Lu\u1eadn<\/h2>\n\n\n\n<p>Hi\u1ec3u r\u00f5 s\u1ea3n ph\u1ea9m tr\u01b0\u1edbc khi mua s\u1ebd gi\u00fap b\u1ea1n ch\u1ecdn \u0111\u01b0\u1ee3c th\u1ecfi son ph\u00f9 h\u1ee3p nh\u1ea5t. V\u1edbi ch\u1ea5t son \u0111a d\u1ea1ng, b\u1ea3ng m\u00e0u th\u1eddi th\u01b0\u1ee3ng v\u00e0 ch\u00ednh s\u00e1ch h\u1ed7 tr\u1ee3 t\u1eadn t\u00e2m, <strong>Sugar Lips<\/strong> l\u00e0 l\u1ef1a ch\u1ecdn l\u00fd t\u01b0\u1edfng cho nh\u1eefng ai y\u00eau th\u00edch v\u1ebb \u0111\u1eb9p ng\u1ecdt ng\u00e0o, hi\u1ec7n \u0111\u1ea1i.<\/p>\n\n\n\n<p>N\u1ebfu b\u1ea1n \u0111ang t\u00ecm m\u1ed9t d\u00f2ng son d\u1ec5 d\u00f9ng \u2013 gi\u00e1 t\u1ed1t \u2013 b\u1eaft trend, h\u00e3y tr\u1ea3i nghi\u1ec7m ngay <strong>Sugar Lips<\/strong> \u0111\u1ec3 c\u1ea3m nh\u1eadn s\u1ef1 kh\u00e1c bi\u1ec7t.<\/p>\n\n\n\n<p><\/p>\n","protected":false},"excerpt":{"rendered":"<p>Nh\u1eefng c\u00e2u h\u1ecfi m\u00e0 kh\u00e1ch h\u00e0ng hay g\u1eb7p ph\u1ea3i khi nh\u00ecn th\u1ea5y c\u00e1c s\u1ea3n ph\u1ea9m c\u1ee7a son SUGAR LIPS Son Sugar Lips c\u00f3 g\u00e2y kh\u00f4 m\u00f4i ho\u1eb7c th\u00e2m m\u00f4i kh\u00f4ng? D\u00f2ng son n\u00e0o b\u00e1m m\u00e0u l\u00e2u nh\u1ea5t v\u00e0 ph\u00f9 h\u1ee3p \u0111\u1ec3 \u0111i h\u1ecdc, \u0111i l\u00e0m? M\u00e0u son n\u00e0o h\u1ee3p v\u1edbi t\u1eebng t\u00f4ng da (da s\u00e1ng, [&hellip;]<\/p>\n","protected":false},"author":1,"featured_media":0,"parent":0,"menu_order":0,"comment_status":"closed","ping_status":"closed","template":"","meta":{"footnotes":""},"class_list":["post-238","page","type-page","status-publish","hentry"],"yoast_head":"<!-- This site is optimized with the Yoast SEO plugin v26.9 - https:\/\/yoast.com\/product\/yoast-seo-wordpress\/ -->\n<title>H\u1ed7 tr\u1ee3 kh\u00e1ch h\u00e0ng - Sugar Lips<\/title>\n<meta name=\"description\" content=\"B\u1ea1n ho\u00e0n to\u00e0n c\u00f3 th\u1ec3 li\u00ean h\u1ec7 \u0111\u1ed9i ng\u0169 t\u01b0 v\u1ea5n c\u1ee7a Sugar Lips \u0111\u1ec3 \u0111\u01b0\u1ee3c h\u1ed7 tr\u1ee3 chi ti\u1ebft v\u00e0 l\u1ef1a ch\u1ecdn m\u00e0u son ph\u00f9 h\u1ee3p nh\u1ea5t v\u1edbi phong c\u00e1ch c\u1ee7a m\u00ecnh.\" \/>\n<meta name=\"robots\" content=\"index, follow, max-snippet:-1, max-image-preview:large, max-video-preview:-1\" \/>\n<link rel=\"canonical\" href=\"https:\/\/sugarlips.click\/index.php\/ho-tro-khach-hang\/\" \/>\n<meta property=\"og:locale\" content=\"vi_VN\" \/>\n<meta property=\"og:type\" content=\"article\" \/>\n<meta property=\"og:title\" content=\"H\u1ed7 tr\u1ee3 kh\u00e1ch h\u00e0ng - Sugar Lips\" \/>\n<meta property=\"og:description\" content=\"B\u1ea1n ho\u00e0n to\u00e0n c\u00f3 th\u1ec3 li\u00ean h\u1ec7 \u0111\u1ed9i ng\u0169 t\u01b0 v\u1ea5n c\u1ee7a Sugar Lips \u0111\u1ec3 \u0111\u01b0\u1ee3c h\u1ed7 tr\u1ee3 chi ti\u1ebft v\u00e0 l\u1ef1a ch\u1ecdn m\u00e0u son ph\u00f9 h\u1ee3p nh\u1ea5t v\u1edbi phong c\u00e1ch c\u1ee7a m\u00ecnh.\" \/>\n<meta property=\"og:url\" content=\"https:\/\/sugarlips.click\/index.php\/ho-tro-khach-hang\/\" \/>\n<meta property=\"og:site_name\" content=\"Sugar Lips\" \/>\n<meta property=\"article:modified_time\" content=\"2026-02-26T03:37:20+00:00\" \/>\n<meta property=\"og:image\" content=\"https:\/\/sugarlips.click\/wp-content\/uploads\/2026\/01\/image-30.png\" \/>\n\t<meta property=\"og:image:width\" content=\"1024\" \/>\n\t<meta property=\"og:image:height\" content=\"1024\" \/>\n\t<meta property=\"og:image:type\" content=\"image\/png\" \/>\n<meta name=\"twitter:card\" content=\"summary_large_image\" \/>\n<meta name=\"twitter:label1\" content=\"\u01af\u1edbc t\u00ednh th\u1eddi gian \u0111\u1ecdc\" \/>\n\t<meta name=\"twitter:data1\" content=\"5 ph\u00fat\" \/>\n<script type=\"application\/ld+json\" class=\"yoast-schema-graph\">{\"@context\":\"https:\/\/schema.org\",\"@graph\":[{\"@type\":\"WebPage\",\"@id\":\"https:\/\/sugarlips.click\/index.php\/ho-tro-khach-hang\/\",\"url\":\"https:\/\/sugarlips.click\/index.php\/ho-tro-khach-hang\/\",\"name\":\"H\u1ed7 tr\u1ee3 kh\u00e1ch h\u00e0ng - Sugar Lips\",\"isPartOf\":{\"@id\":\"https:\/\/sugarlips.click\/#website\"},\"primaryImageOfPage\":{\"@id\":\"https:\/\/sugarlips.click\/index.php\/ho-tro-khach-hang\/#primaryimage\"},\"image\":{\"@id\":\"https:\/\/sugarlips.click\/index.php\/ho-tro-khach-hang\/#primaryimage\"},\"thumbnailUrl\":\"https:\/\/sugarlips.click\/wp-content\/uploads\/2026\/01\/image-30.png\",\"datePublished\":\"2026-02-26T03:24:12+00:00\",\"dateModified\":\"2026-02-26T03:37:20+00:00\",\"description\":\"B\u1ea1n ho\u00e0n to\u00e0n c\u00f3 th\u1ec3 li\u00ean h\u1ec7 \u0111\u1ed9i ng\u0169 t\u01b0 v\u1ea5n c\u1ee7a Sugar Lips \u0111\u1ec3 \u0111\u01b0\u1ee3c h\u1ed7 tr\u1ee3 chi ti\u1ebft v\u00e0 l\u1ef1a ch\u1ecdn m\u00e0u son ph\u00f9 h\u1ee3p nh\u1ea5t v\u1edbi phong c\u00e1ch c\u1ee7a m\u00ecnh.\",\"breadcrumb\":{\"@id\":\"https:\/\/sugarlips.click\/index.php\/ho-tro-khach-hang\/#breadcrumb\"},\"inLanguage\":\"vi\",\"potentialAction\":[{\"@type\":\"ReadAction\",\"target\":[\"https:\/\/sugarlips.click\/index.php\/ho-tro-khach-hang\/\"]}]},{\"@type\":\"ImageObject\",\"inLanguage\":\"vi\",\"@id\":\"https:\/\/sugarlips.click\/index.php\/ho-tro-khach-hang\/#primaryimage\",\"url\":\"https:\/\/sugarlips.click\/wp-content\/uploads\/2026\/01\/image-30.png\",\"contentUrl\":\"https:\/\/sugarlips.click\/wp-content\/uploads\/2026\/01\/image-30.png\",\"width\":1024,\"height\":1024},{\"@type\":\"BreadcrumbList\",\"@id\":\"https:\/\/sugarlips.click\/index.php\/ho-tro-khach-hang\/#breadcrumb\",\"itemListElement\":[{\"@type\":\"ListItem\",\"position\":1,\"name\":\"Trang ch\u1ee7\",\"item\":\"https:\/\/sugarlips.click\/\"},{\"@type\":\"ListItem\",\"position\":2,\"name\":\"H\u1ed7 tr\u1ee3 kh\u00e1ch h\u00e0ng\"}]},{\"@type\":\"WebSite\",\"@id\":\"https:\/\/sugarlips.click\/#website\",\"url\":\"https:\/\/sugarlips.click\/\",\"name\":\"Sugar Lips\",\"description\":\"\",\"publisher\":{\"@id\":\"https:\/\/sugarlips.click\/#organization\"},\"potentialAction\":[{\"@type\":\"SearchAction\",\"target\":{\"@type\":\"EntryPoint\",\"urlTemplate\":\"https:\/\/sugarlips.click\/?s={search_term_string}\"},\"query-input\":{\"@type\":\"PropertyValueSpecification\",\"valueRequired\":true,\"valueName\":\"search_term_string\"}}],\"inLanguage\":\"vi\"},{\"@type\":\"Organization\",\"@id\":\"https:\/\/sugarlips.click\/#organization\",\"name\":\"Sugar Lips\",\"url\":\"https:\/\/sugarlips.click\/\",\"logo\":{\"@type\":\"ImageObject\",\"inLanguage\":\"vi\",\"@id\":\"https:\/\/sugarlips.click\/#\/schema\/logo\/image\/\",\"url\":\"https:\/\/sugarlips.click\/wp-content\/uploads\/2026\/01\/image-15-1024x591.png\",\"contentUrl\":\"https:\/\/sugarlips.click\/wp-content\/uploads\/2026\/01\/image-15-1024x591.png\",\"width\":1024,\"height\":591,\"caption\":\"Sugar Lips\"},\"image\":{\"@id\":\"https:\/\/sugarlips.click\/#\/schema\/logo\/image\/\"}}]}<\/script>\n<!-- \/ Yoast SEO plugin. -->","yoast_head_json":{"title":"H\u1ed7 tr\u1ee3 kh\u00e1ch h\u00e0ng - Sugar Lips","description":"B\u1ea1n ho\u00e0n to\u00e0n c\u00f3 th\u1ec3 li\u00ean h\u1ec7 \u0111\u1ed9i ng\u0169 t\u01b0 v\u1ea5n c\u1ee7a Sugar Lips \u0111\u1ec3 \u0111\u01b0\u1ee3c h\u1ed7 tr\u1ee3 chi ti\u1ebft v\u00e0 l\u1ef1a ch\u1ecdn m\u00e0u son ph\u00f9 h\u1ee3p nh\u1ea5t v\u1edbi phong c\u00e1ch c\u1ee7a m\u00ecnh.","robots":{"index":"index","follow":"follow","max-snippet":"max-snippet:-1","max-image-preview":"max-image-preview:large","max-video-preview":"max-video-preview:-1"},"canonical":"https:\/\/sugarlips.click\/index.php\/ho-tro-khach-hang\/","og_locale":"vi_VN","og_type":"article","og_title":"H\u1ed7 tr\u1ee3 kh\u00e1ch h\u00e0ng - Sugar Lips","og_description":"B\u1ea1n ho\u00e0n to\u00e0n c\u00f3 th\u1ec3 li\u00ean h\u1ec7 \u0111\u1ed9i ng\u0169 t\u01b0 v\u1ea5n c\u1ee7a Sugar Lips \u0111\u1ec3 \u0111\u01b0\u1ee3c h\u1ed7 tr\u1ee3 chi ti\u1ebft v\u00e0 l\u1ef1a ch\u1ecdn m\u00e0u son ph\u00f9 h\u1ee3p nh\u1ea5t v\u1edbi phong c\u00e1ch c\u1ee7a m\u00ecnh.","og_url":"https:\/\/sugarlips.click\/index.php\/ho-tro-khach-hang\/","og_site_name":"Sugar Lips","article_modified_time":"2026-02-26T03:37:20+00:00","og_image":[{"width":1024,"height":1024,"url":"https:\/\/sugarlips.click\/wp-content\/uploads\/2026\/01\/image-30.png","type":"image\/png"}],"twitter_card":"summary_large_image","twitter_misc":{"\u01af\u1edbc t\u00ednh th\u1eddi gian \u0111\u1ecdc":"5 ph\u00fat"},"schema":{"@context":"https:\/\/schema.org","@graph":[{"@type":"WebPage","@id":"https:\/\/sugarlips.click\/index.php\/ho-tro-khach-hang\/","url":"https:\/\/sugarlips.click\/index.php\/ho-tro-khach-hang\/","name":"H\u1ed7 tr\u1ee3 kh\u00e1ch h\u00e0ng - Sugar Lips","isPartOf":{"@id":"https:\/\/sugarlips.click\/#website"},"primaryImageOfPage":{"@id":"https:\/\/sugarlips.click\/index.php\/ho-tro-khach-hang\/#primaryimage"},"image":{"@id":"https:\/\/sugarlips.click\/index.php\/ho-tro-khach-hang\/#primaryimage"},"thumbnailUrl":"https:\/\/sugarlips.click\/wp-content\/uploads\/2026\/01\/image-30.png","datePublished":"2026-02-26T03:24:12+00:00","dateModified":"2026-02-26T03:37:20+00:00","description":"B\u1ea1n ho\u00e0n to\u00e0n c\u00f3 th\u1ec3 li\u00ean h\u1ec7 \u0111\u1ed9i ng\u0169 t\u01b0 v\u1ea5n c\u1ee7a Sugar Lips \u0111\u1ec3 \u0111\u01b0\u1ee3c h\u1ed7 tr\u1ee3 chi ti\u1ebft v\u00e0 l\u1ef1a ch\u1ecdn m\u00e0u son ph\u00f9 h\u1ee3p nh\u1ea5t v\u1edbi phong c\u00e1ch c\u1ee7a m\u00ecnh.","breadcrumb":{"@id":"https:\/\/sugarlips.click\/index.php\/ho-tro-khach-hang\/#breadcrumb"},"inLanguage":"vi","potentialAction":[{"@type":"ReadAction","target":["https:\/\/sugarlips.click\/index.php\/ho-tro-khach-hang\/"]}]},{"@type":"ImageObject","inLanguage":"vi","@id":"https:\/\/sugarlips.click\/index.php\/ho-tro-khach-hang\/#primaryimage","url":"https:\/\/sugarlips.click\/wp-content\/uploads\/2026\/01\/image-30.png","contentUrl":"https:\/\/sugarlips.click\/wp-content\/uploads\/2026\/01\/image-30.png","width":1024,"height":1024},{"@type":"BreadcrumbList","@id":"https:\/\/sugarlips.click\/index.php\/ho-tro-khach-hang\/#breadcrumb","itemListElement":[{"@type":"ListItem","position":1,"name":"Trang ch\u1ee7","item":"https:\/\/sugarlips.click\/"},{"@type":"ListItem","position":2,"name":"H\u1ed7 tr\u1ee3 kh\u00e1ch h\u00e0ng"}]},{"@type":"WebSite","@id":"https:\/\/sugarlips.click\/#website","url":"https:\/\/sugarlips.click\/","name":"Sugar Lips","description":"","publisher":{"@id":"https:\/\/sugarlips.click\/#organization"},"potentialAction":[{"@type":"SearchAction","target":{"@type":"EntryPoint","urlTemplate":"https:\/\/sugarlips.click\/?s={search_term_string}"},"query-input":{"@type":"PropertyValueSpecification","valueRequired":true,"valueName":"search_term_string"}}],"inLanguage":"vi"},{"@type":"Organization","@id":"https:\/\/sugarlips.click\/#organization","name":"Sugar Lips","url":"https:\/\/sugarlips.click\/","logo":{"@type":"ImageObject","inLanguage":"vi","@id":"https:\/\/sugarlips.click\/#\/schema\/logo\/image\/","url":"https:\/\/sugarlips.click\/wp-content\/uploads\/2026\/01\/image-15-1024x591.png","contentUrl":"https:\/\/sugarlips.click\/wp-content\/uploads\/2026\/01\/image-15-1024x591.png","width":1024,"height":591,"caption":"Sugar Lips"},"image":{"@id":"https:\/\/sugarlips.click\/#\/schema\/logo\/image\/"}}]}},"jetpack_sharing_enabled":true,"_links":{"self":[{"href":"https:\/\/sugarlips.click\/index.php\/wp-json\/wp\/v2\/pages\/238","targetHints":{"allow":["GET"]}}],"collection":[{"href":"https:\/\/sugarlips.click\/index.php\/wp-json\/wp\/v2\/pages"}],"about":[{"href":"https:\/\/sugarlips.click\/index.php\/wp-json\/wp\/v2\/types\/page"}],"author":[{"embeddable":true,"href":"https:\/\/sugarlips.click\/index.php\/wp-json\/wp\/v2\/users\/1"}],"replies":[{"embeddable":true,"href":"https:\/\/sugarlips.click\/index.php\/wp-json\/wp\/v2\/comments?post=238"}],"version-history":[{"count":2,"href":"https:\/\/sugarlips.click\/index.php\/wp-json\/wp\/v2\/pages\/238\/revisions"}],"predecessor-version":[{"id":252,"href":"https:\/\/sugarlips.click\/index.php\/wp-json\/wp\/v2\/pages\/238\/revisions\/252"}],"wp:attachment":[{"href":"https:\/\/sugarlips.click\/index.php\/wp-json\/wp\/v2\/media?parent=238"}],"curies":[{"name":"wp","href":"https:\/\/api.w.org\/{rel}","templated":true}]}}