{"id":154,"date":"2026-01-31T03:07:37","date_gmt":"2026-01-31T03:07:37","guid":{"rendered":"https:\/\/sugarlips.click\/?post_type=product&#038;p=154"},"modified":"2026-02-05T04:12:36","modified_gmt":"2026-02-05T04:12:36","slug":"mat-na-moi-sugar-lips","status":"publish","type":"product","link":"https:\/\/sugarlips.click\/index.php\/san-pham\/mat-na-moi-sugar-lips\/","title":{"rendered":"M\u1eb7t n\u1ea1 m\u00f4i Sugar Lips"},"content":{"rendered":"<h2 data-start=\"119\" data-end=\"448\"><strong data-start=\"119\" data-end=\"144\">M\u1eb7t n\u1ea1 m\u00f4i Sugar Lips<\/strong><\/h2>\n<p data-start=\"119\" data-end=\"448\">l\u00e0 gi\u1ea3i ph\u00e1p ch\u0103m s\u00f3c m\u00f4i chuy\u00ean s\u00e2u d\u00e0nh cho nh\u1eefng \u0111\u00f4i m\u00f4i kh\u00f4 r\u00e1p, bong tr\u00f3c v\u00e0 thi\u1ebfu s\u1ee9c s\u1ed1ng. V\u1edbi c\u00f4ng th\u1ee9c d\u01b0\u1ee1ng gi\u00e0u chi\u1ebft xu\u1ea5t <strong data-start=\"279\" data-end=\"303\">ph\u00f4i d\u1eeba thi\u00ean nhi\u00ean<\/strong> k\u1ebft h\u1ee3p c\u00f9ng <strong data-start=\"317\" data-end=\"336\">qu\u1ea3 cherry t\u01b0\u01a1i<\/strong>, Sugar Lips mang \u0111\u1ebfn tr\u1ea3i nghi\u1ec7m nu\u00f4i d\u01b0\u1ee1ng \u0111\u00f4i m\u00f4i m\u1ec1m m\u1ecbn, c\u0103ng m\u1ecdng v\u00e0 r\u1ea1ng r\u1ee1 ngay t\u1eeb l\u1ea7n s\u1eed d\u1ee5ng \u0111\u1ea7u ti\u00ean.<\/p>\n<p data-start=\"450\" data-end=\"811\">Ph\u00f4i d\u1eeba \u0111\u01b0\u1ee3c bi\u1ebft \u0111\u1ebfn l\u00e0 ngu\u1ed3n d\u01b0\u1ee1ng ch\u1ea5t gi\u00e0u vitamin v\u00e0 axit b\u00e9o t\u1ef1 nhi\u00ean, gi\u00fap <strong data-start=\"533\" data-end=\"547\">c\u1ea5p \u1ea9m s\u00e2u<\/strong>, l\u00e0m d\u1ecbu nhanh t\u00ecnh tr\u1ea1ng m\u00f4i kh\u00f4 n\u1ee9t, \u0111\u1ed3ng th\u1eddi h\u1ed7 tr\u1ee3 ph\u1ee5c h\u1ed3i l\u1edbp m\u00e0ng b\u1ea3o v\u1ec7 m\u00f4i.<\/p>\n<p data-start=\"813\" data-end=\"1116\">B\u00ean c\u1ea1nh \u0111\u00f3, chi\u1ebft xu\u1ea5t <strong data-start=\"837\" data-end=\"851\">qu\u1ea3 cherry<\/strong> gi\u00e0u ch\u1ea5t ch\u1ed1ng oxy h\u00f3a v\u00e0 vitamin C gi\u00fap <strong data-start=\"894\" data-end=\"921\">nu\u00f4i d\u01b0\u1ee1ng m\u00f4i t\u01b0\u01a1i t\u1eafn<\/strong>, h\u1ed7 tr\u1ee3 l\u00e0m m\u1edd s\u1eafc m\u00f4i th\u00e2m x\u1ec9n, mang l\u1ea1i v\u1ebb h\u1ed3ng h\u00e0o t\u1ef1 nhi\u00ean. H\u01b0\u01a1ng cherry d\u1ecbu ng\u1ecdt c\u00f2n t\u1ea1o c\u1ea3m gi\u00e1c th\u01b0 gi\u00e3n, d\u1ec5 ch\u1ecbu khi s\u1eed d\u1ee5ng, gi\u00fap qu\u00e1 tr\u00ecnh ch\u0103m s\u00f3c m\u00f4i tr\u1edf n\u00ean th\u00fa v\u1ecb v\u00e0 tho\u1ea3i m\u00e1i h\u01a1n.<\/p>\n<p data-start=\"1512\" data-end=\"1629\">Sugar Lips kh\u00f4ng ch\u1ec9 l\u00e0 m\u1eb7t n\u1ea1 m\u00f4i, m\u00e0 c\u00f2n l\u00e0 b\u01b0<img loading=\"lazy\" decoding=\"async\" class=\"alignnone wp-image-139\" src=\"https:\/\/sugarlips.click\/wp-content\/uploads\/2026\/01\/image-32-300x300.png\" alt=\"\" width=\"210\" height=\"210\" srcset=\"https:\/\/sugarlips.click\/wp-content\/uploads\/2026\/01\/image-32-300x300.png 300w, https:\/\/sugarlips.click\/wp-content\/uploads\/2026\/01\/image-32-150x150.png 150w, https:\/\/sugarlips.click\/wp-content\/uploads\/2026\/01\/image-32-768x768.png 768w, https:\/\/sugarlips.click\/wp-content\/uploads\/2026\/01\/image-32-600x600.png 600w, https:\/\/sugarlips.click\/wp-content\/uploads\/2026\/01\/image-32-100x100.png 100w, https:\/\/sugarlips.click\/wp-content\/uploads\/2026\/01\/image-32.png 1024w\" sizes=\"auto, (max-width: 210px) 100vw, 210px\" \/>\u1edbc nu\u00f4i d\u01b0\u1ee1ng tinh t\u1ebf \u0111\u1ec3 b\u1ea1n y\u00eau chi\u1ec1u \u0111\u00f4i m\u00f4i c\u1ee7a m\u00ecnh m\u1ed7i ng\u00e0y. \ud83d\udc8b\u2728<\/p>\n","protected":false},"excerpt":{"rendered":"<p><strong data-start=\"0\" data-end=\"25\" data-is-only-node=\"\">M\u1eb7t n\u1ea1 m\u00f4i Sugar Lips<\/strong> v\u1edbi chi\u1ebft xu\u1ea5t <strong data-start=\"41\" data-end=\"67\">ph\u00f4i d\u1eeba v\u00e0 qu\u1ea3 cherry<\/strong> gi\u00fap c\u1ea5p \u1ea9m s\u00e2u, l\u00e0m m\u1ec1m m\u00f4i kh\u00f4 n\u1ee9t v\u00e0 ph\u1ee5c h\u1ed3i \u0111\u00f4i m\u00f4i c\u0103ng m\u1ecbn t\u1ef1 nhi\u00ean. Ph\u00f4i d\u1eeba gi\u00e0u d\u01b0\u1ee1ng ch\u1ea5t h\u1ed7 tr\u1ee3 gi\u1eef \u1ea9m, trong khi cherry gi\u00e0u vitamin gi\u00fap m\u00f4i h\u1ed3ng h\u00e0o, t\u01b0\u01a1i t\u1eafn. K\u1ebft c\u1ea5u m\u1ec1m m\u01b0\u1ee3t, kh\u00f4ng b\u1ebft d\u00ednh, th\u00edch h\u1ee3p d\u00f9ng h\u1eb1ng ng\u00e0y ho\u1eb7c l\u00e0m m\u1eb7t n\u1ea1 m\u00f4i ban \u0111\u00eam cho \u0111\u00f4i m\u00f4i lu\u00f4n m\u1ec1m m\u1ea1i v\u00e0 r\u1ea1ng r\u1ee1. \ud83d\udc84\u2728<\/p>\n","protected":false},"featured_media":136,"comment_status":"open","ping_status":"closed","template":"","meta":[],"product_brand":[],"product_cat":[21],"product_tag":[25],"class_list":{"0":"post-154","1":"product","2":"type-product","3":"status-publish","4":"has-post-thumbnail","6":"product_cat-duong-moi","7":"product_tag-mat-na","9":"first","10":"onbackorder","11":"sale","12":"purchasable","13":"product-type-simple"},"yoast_head":"<!-- This site is optimized with the Yoast SEO plugin v26.9 - https:\/\/yoast.com\/product\/yoast-seo-wordpress\/ -->\n<title>M\u1eb7t n\u1ea1 m\u00f4i Sugar Lips - Sugar Lips<\/title>\n<meta name=\"description\" content=\"M\u1eb7t n\u1ea1 m\u00f4i Sugar Lips v\u1edbi chi\u1ebft xu\u1ea5t ph\u00f4i d\u1eeba v\u00e0 qu\u1ea3 cherry gi\u00fap c\u1ea5p \u1ea9m s\u00e2u, l\u00e0m m\u1ec1m m\u00f4i kh\u00f4 n\u1ee9t v\u00e0 ph\u1ee5c h\u1ed3i \u0111\u00f4i m\u00f4i c\u0103ng m\u1ecbn t\u1ef1 nhi\u00ean. Ph\u00f4i d\u1eeba gi\u00e0u d\u01b0\u1ee1ng ch\u1ea5t h\u1ed7 tr\u1ee3 gi\u1eef \u1ea9m, trong khi cherry gi\u00e0u vitamin gi\u00fap m\u00f4i h\u1ed3ng h\u00e0o, t\u01b0\u01a1i t\u1eafn. K\u1ebft c\u1ea5u m\u1ec1m m\u01b0\u1ee3t, kh\u00f4ng b\u1ebft d\u00ednh, th\u00edch h\u1ee3p d\u00f9ng h\u1eb1ng ng\u00e0y ho\u1eb7c l\u00e0m m\u1eb7t n\u1ea1 m\u00f4i ban \u0111\u00eam cho \u0111\u00f4i m\u00f4i lu\u00f4n m\u1ec1m m\u1ea1i v\u00e0 r\u1ea1ng r\u1ee1. \ud83d\udc84\u2728\" \/>\n<meta name=\"robots\" content=\"index, follow, max-snippet:-1, max-image-preview:large, max-video-preview:-1\" \/>\n<link rel=\"canonical\" href=\"https:\/\/sugarlips.click\/index.php\/san-pham\/mat-na-moi-sugar-lips\/\" \/>\n<meta property=\"og:locale\" content=\"vi_VN\" \/>\n<meta property=\"og:type\" content=\"article\" \/>\n<meta property=\"og:title\" content=\"M\u1eb7t n\u1ea1 m\u00f4i Sugar Lips - Sugar Lips\" \/>\n<meta property=\"og:description\" content=\"M\u1eb7t n\u1ea1 m\u00f4i Sugar Lips v\u1edbi chi\u1ebft xu\u1ea5t ph\u00f4i d\u1eeba v\u00e0 qu\u1ea3 cherry gi\u00fap c\u1ea5p \u1ea9m s\u00e2u, l\u00e0m m\u1ec1m m\u00f4i kh\u00f4 n\u1ee9t v\u00e0 ph\u1ee5c h\u1ed3i \u0111\u00f4i m\u00f4i c\u0103ng m\u1ecbn t\u1ef1 nhi\u00ean. Ph\u00f4i d\u1eeba gi\u00e0u d\u01b0\u1ee1ng ch\u1ea5t h\u1ed7 tr\u1ee3 gi\u1eef \u1ea9m, trong khi cherry gi\u00e0u vitamin gi\u00fap m\u00f4i h\u1ed3ng h\u00e0o, t\u01b0\u01a1i t\u1eafn. K\u1ebft c\u1ea5u m\u1ec1m m\u01b0\u1ee3t, kh\u00f4ng b\u1ebft d\u00ednh, th\u00edch h\u1ee3p d\u00f9ng h\u1eb1ng ng\u00e0y ho\u1eb7c l\u00e0m m\u1eb7t n\u1ea1 m\u00f4i ban \u0111\u00eam cho \u0111\u00f4i m\u00f4i lu\u00f4n m\u1ec1m m\u1ea1i v\u00e0 r\u1ea1ng r\u1ee1. \ud83d\udc84\u2728\" \/>\n<meta property=\"og:url\" content=\"https:\/\/sugarlips.click\/index.php\/san-pham\/mat-na-moi-sugar-lips\/\" \/>\n<meta property=\"og:site_name\" content=\"Sugar Lips\" \/>\n<meta property=\"article:modified_time\" content=\"2026-02-05T04:12:36+00:00\" \/>\n<meta property=\"og:image\" content=\"https:\/\/sugarlips.click\/wp-content\/uploads\/2026\/01\/image-29.png\" \/>\n\t<meta property=\"og:image:width\" content=\"1024\" \/>\n\t<meta property=\"og:image:height\" content=\"1024\" \/>\n\t<meta property=\"og:image:type\" content=\"image\/png\" \/>\n<meta name=\"twitter:card\" content=\"summary_large_image\" \/>\n<meta name=\"twitter:label1\" content=\"\u01af\u1edbc t\u00ednh th\u1eddi gian \u0111\u1ecdc\" \/>\n\t<meta name=\"twitter:data1\" content=\"2 ph\u00fat\" \/>\n<script type=\"application\/ld+json\" class=\"yoast-schema-graph\">{\"@context\":\"https:\/\/schema.org\",\"@graph\":[{\"@type\":\"WebPage\",\"@id\":\"https:\/\/sugarlips.click\/index.php\/san-pham\/mat-na-moi-sugar-lips\/\",\"url\":\"https:\/\/sugarlips.click\/index.php\/san-pham\/mat-na-moi-sugar-lips\/\",\"name\":\"M\u1eb7t n\u1ea1 m\u00f4i Sugar Lips - Sugar Lips\",\"isPartOf\":{\"@id\":\"https:\/\/sugarlips.click\/#website\"},\"primaryImageOfPage\":{\"@id\":\"https:\/\/sugarlips.click\/index.php\/san-pham\/mat-na-moi-sugar-lips\/#primaryimage\"},\"image\":{\"@id\":\"https:\/\/sugarlips.click\/index.php\/san-pham\/mat-na-moi-sugar-lips\/#primaryimage\"},\"thumbnailUrl\":\"https:\/\/sugarlips.click\/wp-content\/uploads\/2026\/01\/image-29.png\",\"datePublished\":\"2026-01-31T03:07:37+00:00\",\"dateModified\":\"2026-02-05T04:12:36+00:00\",\"description\":\"M\u1eb7t n\u1ea1 m\u00f4i Sugar Lips v\u1edbi chi\u1ebft xu\u1ea5t ph\u00f4i d\u1eeba v\u00e0 qu\u1ea3 cherry gi\u00fap c\u1ea5p \u1ea9m s\u00e2u, l\u00e0m m\u1ec1m m\u00f4i kh\u00f4 n\u1ee9t v\u00e0 ph\u1ee5c h\u1ed3i \u0111\u00f4i m\u00f4i c\u0103ng m\u1ecbn t\u1ef1 nhi\u00ean. Ph\u00f4i d\u1eeba gi\u00e0u d\u01b0\u1ee1ng ch\u1ea5t h\u1ed7 tr\u1ee3 gi\u1eef \u1ea9m, trong khi cherry gi\u00e0u vitamin gi\u00fap m\u00f4i h\u1ed3ng h\u00e0o, t\u01b0\u01a1i t\u1eafn. K\u1ebft c\u1ea5u m\u1ec1m m\u01b0\u1ee3t, kh\u00f4ng b\u1ebft d\u00ednh, th\u00edch h\u1ee3p d\u00f9ng h\u1eb1ng ng\u00e0y ho\u1eb7c l\u00e0m m\u1eb7t n\u1ea1 m\u00f4i ban \u0111\u00eam cho \u0111\u00f4i m\u00f4i lu\u00f4n m\u1ec1m m\u1ea1i v\u00e0 r\u1ea1ng r\u1ee1. \ud83d\udc84\u2728\",\"breadcrumb\":{\"@id\":\"https:\/\/sugarlips.click\/index.php\/san-pham\/mat-na-moi-sugar-lips\/#breadcrumb\"},\"inLanguage\":\"vi\",\"potentialAction\":[{\"@type\":\"ReadAction\",\"target\":[\"https:\/\/sugarlips.click\/index.php\/san-pham\/mat-na-moi-sugar-lips\/\"]}]},{\"@type\":\"ImageObject\",\"inLanguage\":\"vi\",\"@id\":\"https:\/\/sugarlips.click\/index.php\/san-pham\/mat-na-moi-sugar-lips\/#primaryimage\",\"url\":\"https:\/\/sugarlips.click\/wp-content\/uploads\/2026\/01\/image-29.png\",\"contentUrl\":\"https:\/\/sugarlips.click\/wp-content\/uploads\/2026\/01\/image-29.png\",\"width\":1024,\"height\":1024},{\"@type\":\"BreadcrumbList\",\"@id\":\"https:\/\/sugarlips.click\/index.php\/san-pham\/mat-na-moi-sugar-lips\/#breadcrumb\",\"itemListElement\":[{\"@type\":\"ListItem\",\"position\":1,\"name\":\"Trang ch\u1ee7\",\"item\":\"https:\/\/sugarlips.click\/\"},{\"@type\":\"ListItem\",\"position\":2,\"name\":\"C\u1eeda h\u00e0ng\",\"item\":\"https:\/\/sugarlips.click\/index.php\/cua-hang\/\"},{\"@type\":\"ListItem\",\"position\":3,\"name\":\"M\u1eb7t n\u1ea1 m\u00f4i Sugar Lips\"}]},{\"@type\":\"WebSite\",\"@id\":\"https:\/\/sugarlips.click\/#website\",\"url\":\"https:\/\/sugarlips.click\/\",\"name\":\"Sugar Lips\",\"description\":\"\",\"publisher\":{\"@id\":\"https:\/\/sugarlips.click\/#organization\"},\"potentialAction\":[{\"@type\":\"SearchAction\",\"target\":{\"@type\":\"EntryPoint\",\"urlTemplate\":\"https:\/\/sugarlips.click\/?s={search_term_string}\"},\"query-input\":{\"@type\":\"PropertyValueSpecification\",\"valueRequired\":true,\"valueName\":\"search_term_string\"}}],\"inLanguage\":\"vi\"},{\"@type\":\"Organization\",\"@id\":\"https:\/\/sugarlips.click\/#organization\",\"name\":\"Sugar Lips\",\"url\":\"https:\/\/sugarlips.click\/\",\"logo\":{\"@type\":\"ImageObject\",\"inLanguage\":\"vi\",\"@id\":\"https:\/\/sugarlips.click\/#\/schema\/logo\/image\/\",\"url\":\"https:\/\/sugarlips.click\/wp-content\/uploads\/2026\/01\/image-15-1024x591.png\",\"contentUrl\":\"https:\/\/sugarlips.click\/wp-content\/uploads\/2026\/01\/image-15-1024x591.png\",\"width\":1024,\"height\":591,\"caption\":\"Sugar Lips\"},\"image\":{\"@id\":\"https:\/\/sugarlips.click\/#\/schema\/logo\/image\/\"}}]}<\/script>\n<!-- \/ Yoast SEO plugin. -->","yoast_head_json":{"title":"M\u1eb7t n\u1ea1 m\u00f4i Sugar Lips - Sugar Lips","description":"M\u1eb7t n\u1ea1 m\u00f4i Sugar Lips v\u1edbi chi\u1ebft xu\u1ea5t ph\u00f4i d\u1eeba v\u00e0 qu\u1ea3 cherry gi\u00fap c\u1ea5p \u1ea9m s\u00e2u, l\u00e0m m\u1ec1m m\u00f4i kh\u00f4 n\u1ee9t v\u00e0 ph\u1ee5c h\u1ed3i \u0111\u00f4i m\u00f4i c\u0103ng m\u1ecbn t\u1ef1 nhi\u00ean. Ph\u00f4i d\u1eeba gi\u00e0u d\u01b0\u1ee1ng ch\u1ea5t h\u1ed7 tr\u1ee3 gi\u1eef \u1ea9m, trong khi cherry gi\u00e0u vitamin gi\u00fap m\u00f4i h\u1ed3ng h\u00e0o, t\u01b0\u01a1i t\u1eafn. K\u1ebft c\u1ea5u m\u1ec1m m\u01b0\u1ee3t, kh\u00f4ng b\u1ebft d\u00ednh, th\u00edch h\u1ee3p d\u00f9ng h\u1eb1ng ng\u00e0y ho\u1eb7c l\u00e0m m\u1eb7t n\u1ea1 m\u00f4i ban \u0111\u00eam cho \u0111\u00f4i m\u00f4i lu\u00f4n m\u1ec1m m\u1ea1i v\u00e0 r\u1ea1ng r\u1ee1. \ud83d\udc84\u2728","robots":{"index":"index","follow":"follow","max-snippet":"max-snippet:-1","max-image-preview":"max-image-preview:large","max-video-preview":"max-video-preview:-1"},"canonical":"https:\/\/sugarlips.click\/index.php\/san-pham\/mat-na-moi-sugar-lips\/","og_locale":"vi_VN","og_type":"article","og_title":"M\u1eb7t n\u1ea1 m\u00f4i Sugar Lips - Sugar Lips","og_description":"M\u1eb7t n\u1ea1 m\u00f4i Sugar Lips v\u1edbi chi\u1ebft xu\u1ea5t ph\u00f4i d\u1eeba v\u00e0 qu\u1ea3 cherry gi\u00fap c\u1ea5p \u1ea9m s\u00e2u, l\u00e0m m\u1ec1m m\u00f4i kh\u00f4 n\u1ee9t v\u00e0 ph\u1ee5c h\u1ed3i \u0111\u00f4i m\u00f4i c\u0103ng m\u1ecbn t\u1ef1 nhi\u00ean. Ph\u00f4i d\u1eeba gi\u00e0u d\u01b0\u1ee1ng ch\u1ea5t h\u1ed7 tr\u1ee3 gi\u1eef \u1ea9m, trong khi cherry gi\u00e0u vitamin gi\u00fap m\u00f4i h\u1ed3ng h\u00e0o, t\u01b0\u01a1i t\u1eafn. K\u1ebft c\u1ea5u m\u1ec1m m\u01b0\u1ee3t, kh\u00f4ng b\u1ebft d\u00ednh, th\u00edch h\u1ee3p d\u00f9ng h\u1eb1ng ng\u00e0y ho\u1eb7c l\u00e0m m\u1eb7t n\u1ea1 m\u00f4i ban \u0111\u00eam cho \u0111\u00f4i m\u00f4i lu\u00f4n m\u1ec1m m\u1ea1i v\u00e0 r\u1ea1ng r\u1ee1. \ud83d\udc84\u2728","og_url":"https:\/\/sugarlips.click\/index.php\/san-pham\/mat-na-moi-sugar-lips\/","og_site_name":"Sugar Lips","article_modified_time":"2026-02-05T04:12:36+00:00","og_image":[{"width":1024,"height":1024,"url":"https:\/\/sugarlips.click\/wp-content\/uploads\/2026\/01\/image-29.png","type":"image\/png"}],"twitter_card":"summary_large_image","twitter_misc":{"\u01af\u1edbc t\u00ednh th\u1eddi gian \u0111\u1ecdc":"2 ph\u00fat"},"schema":{"@context":"https:\/\/schema.org","@graph":[{"@type":"WebPage","@id":"https:\/\/sugarlips.click\/index.php\/san-pham\/mat-na-moi-sugar-lips\/","url":"https:\/\/sugarlips.click\/index.php\/san-pham\/mat-na-moi-sugar-lips\/","name":"M\u1eb7t n\u1ea1 m\u00f4i Sugar Lips - Sugar Lips","isPartOf":{"@id":"https:\/\/sugarlips.click\/#website"},"primaryImageOfPage":{"@id":"https:\/\/sugarlips.click\/index.php\/san-pham\/mat-na-moi-sugar-lips\/#primaryimage"},"image":{"@id":"https:\/\/sugarlips.click\/index.php\/san-pham\/mat-na-moi-sugar-lips\/#primaryimage"},"thumbnailUrl":"https:\/\/sugarlips.click\/wp-content\/uploads\/2026\/01\/image-29.png","datePublished":"2026-01-31T03:07:37+00:00","dateModified":"2026-02-05T04:12:36+00:00","description":"M\u1eb7t n\u1ea1 m\u00f4i Sugar Lips v\u1edbi chi\u1ebft xu\u1ea5t ph\u00f4i d\u1eeba v\u00e0 qu\u1ea3 cherry gi\u00fap c\u1ea5p \u1ea9m s\u00e2u, l\u00e0m m\u1ec1m m\u00f4i kh\u00f4 n\u1ee9t v\u00e0 ph\u1ee5c h\u1ed3i \u0111\u00f4i m\u00f4i c\u0103ng m\u1ecbn t\u1ef1 nhi\u00ean. Ph\u00f4i d\u1eeba gi\u00e0u d\u01b0\u1ee1ng ch\u1ea5t h\u1ed7 tr\u1ee3 gi\u1eef \u1ea9m, trong khi cherry gi\u00e0u vitamin gi\u00fap m\u00f4i h\u1ed3ng h\u00e0o, t\u01b0\u01a1i t\u1eafn. K\u1ebft c\u1ea5u m\u1ec1m m\u01b0\u1ee3t, kh\u00f4ng b\u1ebft d\u00ednh, th\u00edch h\u1ee3p d\u00f9ng h\u1eb1ng ng\u00e0y ho\u1eb7c l\u00e0m m\u1eb7t n\u1ea1 m\u00f4i ban \u0111\u00eam cho \u0111\u00f4i m\u00f4i lu\u00f4n m\u1ec1m m\u1ea1i v\u00e0 r\u1ea1ng r\u1ee1. \ud83d\udc84\u2728","breadcrumb":{"@id":"https:\/\/sugarlips.click\/index.php\/san-pham\/mat-na-moi-sugar-lips\/#breadcrumb"},"inLanguage":"vi","potentialAction":[{"@type":"ReadAction","target":["https:\/\/sugarlips.click\/index.php\/san-pham\/mat-na-moi-sugar-lips\/"]}]},{"@type":"ImageObject","inLanguage":"vi","@id":"https:\/\/sugarlips.click\/index.php\/san-pham\/mat-na-moi-sugar-lips\/#primaryimage","url":"https:\/\/sugarlips.click\/wp-content\/uploads\/2026\/01\/image-29.png","contentUrl":"https:\/\/sugarlips.click\/wp-content\/uploads\/2026\/01\/image-29.png","width":1024,"height":1024},{"@type":"BreadcrumbList","@id":"https:\/\/sugarlips.click\/index.php\/san-pham\/mat-na-moi-sugar-lips\/#breadcrumb","itemListElement":[{"@type":"ListItem","position":1,"name":"Trang ch\u1ee7","item":"https:\/\/sugarlips.click\/"},{"@type":"ListItem","position":2,"name":"C\u1eeda h\u00e0ng","item":"https:\/\/sugarlips.click\/index.php\/cua-hang\/"},{"@type":"ListItem","position":3,"name":"M\u1eb7t n\u1ea1 m\u00f4i Sugar Lips"}]},{"@type":"WebSite","@id":"https:\/\/sugarlips.click\/#website","url":"https:\/\/sugarlips.click\/","name":"Sugar Lips","description":"","publisher":{"@id":"https:\/\/sugarlips.click\/#organization"},"potentialAction":[{"@type":"SearchAction","target":{"@type":"EntryPoint","urlTemplate":"https:\/\/sugarlips.click\/?s={search_term_string}"},"query-input":{"@type":"PropertyValueSpecification","valueRequired":true,"valueName":"search_term_string"}}],"inLanguage":"vi"},{"@type":"Organization","@id":"https:\/\/sugarlips.click\/#organization","name":"Sugar Lips","url":"https:\/\/sugarlips.click\/","logo":{"@type":"ImageObject","inLanguage":"vi","@id":"https:\/\/sugarlips.click\/#\/schema\/logo\/image\/","url":"https:\/\/sugarlips.click\/wp-content\/uploads\/2026\/01\/image-15-1024x591.png","contentUrl":"https:\/\/sugarlips.click\/wp-content\/uploads\/2026\/01\/image-15-1024x591.png","width":1024,"height":591,"caption":"Sugar Lips"},"image":{"@id":"https:\/\/sugarlips.click\/#\/schema\/logo\/image\/"}}]}},"jetpack_sharing_enabled":true,"_links":{"self":[{"href":"https:\/\/sugarlips.click\/index.php\/wp-json\/wp\/v2\/product\/154","targetHints":{"allow":["GET"]}}],"collection":[{"href":"https:\/\/sugarlips.click\/index.php\/wp-json\/wp\/v2\/product"}],"about":[{"href":"https:\/\/sugarlips.click\/index.php\/wp-json\/wp\/v2\/types\/product"}],"replies":[{"embeddable":true,"href":"https:\/\/sugarlips.click\/index.php\/wp-json\/wp\/v2\/comments?post=154"}],"wp:featuredmedia":[{"embeddable":true,"href":"https:\/\/sugarlips.click\/index.php\/wp-json\/wp\/v2\/media\/136"}],"wp:attachment":[{"href":"https:\/\/sugarlips.click\/index.php\/wp-json\/wp\/v2\/media?parent=154"}],"wp:term":[{"taxonomy":"product_brand","embeddable":true,"href":"https:\/\/sugarlips.click\/index.php\/wp-json\/wp\/v2\/product_brand?post=154"},{"taxonomy":"product_cat","embeddable":true,"href":"https:\/\/sugarlips.click\/index.php\/wp-json\/wp\/v2\/product_cat?post=154"},{"taxonomy":"product_tag","embeddable":true,"href":"https:\/\/sugarlips.click\/index.php\/wp-json\/wp\/v2\/product_tag?post=154"}],"curies":[{"name":"wp","href":"https:\/\/api.w.org\/{rel}","templated":true}]}}